{"id":4656,"date":"2023-11-24T09:53:14","date_gmt":"2023-11-24T14:53:14","guid":{"rendered":"https:\/\/stage.clareprogramme.org\/evenements\/"},"modified":"2025-12-19T06:42:25","modified_gmt":"2025-12-19T11:42:25","slug":"evenements","status":"publish","type":"page","link":"https:\/\/clareprogramme.org\/fr\/evenements\/","title":{"rendered":"\u00c9v\u00e9nements"},"content":{"rendered":"\n<div class=\"wp-block-cover alignfull is-light has-parallax has-custom-content-position is-position-bottom-center\" style=\"margin-top:0;margin-bottom:0;padding-top:0;padding-right:0px;padding-bottom:0;padding-left:0px;min-height:300px;aspect-ratio:unset;\"><div class=\"wp-block-cover__image-background wp-image-2415 has-parallax\" style=\"background-position:50% 50%;background-image:url(https:\/\/clareprogramme.org\/wp-content\/uploads\/2023\/10\/DSCN3269.jpg)\"><\/div><span aria-hidden=\"true\" class=\"wp-block-cover__background has-background-dim-0 has-background-dim\"><\/span><div class=\"wp-block-cover__inner-container is-layout-constrained wp-container-core-cover-is-layout-3fa179e2 wp-block-cover-is-layout-constrained\">\n<div class=\"wp-block-greenshift-blocks-container gspb_container gspb_container-gsbp-1d29cb22-e21b\" id=\"gspb_container-id-gsbp-1d29cb22-e21b\"><div class=\"gspb_backgroundOverlay\"><\/div><h2 class=\"has-text-align-center wp-block-post-title has-text-color has-white-color\">\u00c9v\u00e9nements<\/h2><\/div>\n<\/div><\/div>\n\n\n\n<div class=\"wp-block-group alignfull is-layout-constrained wp-container-core-group-is-layout-0a0f4b49 wp-block-group-is-layout-constrained\" style=\"padding-top:var(--wp--preset--spacing--60);padding-bottom:var(--wp--preset--spacing--60)\">\n<p>Notez dans votre agenda ces \u00e9v\u00e9nements li\u00e9s \u00e0 l\u2019adaptation aux changements climatiques et \u00e0 la r\u00e9silience, qu\u2019ils soient organis\u00e9s par l\u2019initiative CLARE ou qu\u2019ils r\u00e9unissent des participants de l\u2019initiative CLARE.<\/p>\n<\/div>\n\n\n<div class=\"cl-layout-container align\" style=\"--cl-layout-padding:0px;--cl-layout-margin:0px;\"><div  class=\"cl-layout cl-layout--grid  cl-layout--equal-rows  cl-layout--col-l-3 cl-layout--col-m-3 cl-layout--col-s-2 cl-layout--col-xs-1\"  style=\"--cl-layout-gap-c: 10px;--cl-layout-gap-r: 10px;\n\t\t\" ><div  class=\"cl-layout__item cl-layout__item--id-170082\" ><div  class=\"cl-template cl-template--post cl-template--id-5931 cl-template--image-top\" ><div class=\"cl-element cl-element-featured_media cl-element--instance-1004  cl-element-featured_media--sizing-aspect_ratio\"><a class=\"cl-element-featured_media__anchor\" href=\"https:\/\/clareprogramme.org\/fr\/update\/promotion-des-experts-examinateurs-trices-du-giec-issus-des-pays-du-sud-opportunite-de-formation\/\" title=\"Promotion des experts examinateurs\/trices du GIEC issus des pays du Sud (opportunit\u00e9 de formation)\"><div class=\"cl-element-featured_media__image\" style=\"background-image: url(https:\/\/clareprogramme.org\/wp-content\/uploads\/2025\/09\/waranont-joe-BvNNxnzds4U-unsplash-1-e1758822246660.jpg)\" role=\"img\"><\/div><\/a><\/div><div class=\"cl-element cl-element-section cl-element--instance-1005 \"><div class=\"cl-element cl-element-published_date cl-element--instance-1001 clare-post-date\">septembre 26, 2025<\/div><h2 class=\"cl-element cl-element-title cl-element--instance-1002 \"><a class=\"cl-element-title__anchor\" href=\"https:\/\/clareprogramme.org\/fr\/update\/promotion-des-experts-examinateurs-trices-du-giec-issus-des-pays-du-sud-opportunite-de-formation\/\">Promotion des experts examinateurs\/trices du GIEC issus des pays du Sud (opportunit\u00e9 de formation)<\/a><\/h2><style>\r\n.update-tags a.project-short-name,\r\n.update-tags a.update-category {\r\n    color: #ffffff;\r\n    display: inline-block;\r\n    margin: 0px 5px 5px 0px;\r\n    padding: 3px 7px;\r\n    border-radius: 4px;\r\n    font-family: 'Poppins', sans-serif;\r\n    text-decoration: none;\r\n    font-size: 14px;\r\n}\r\n\/* Default project term styling *\/\r\n.update-tags a.project-short-name {\r\n  background-color: #3F5E80;\r\n}\r\n\/* Default category styling *\/\r\n.update-tags a.update-category {\r\n  background-color: #e03333;\r\n}\r\n.update-tags a:hover {\r\n  text-decoration: underline;\r\n}\r\n.update-tags a.update-category.update-category-blog, .update-tags a.update-category.update-category-blogue {\r\n  background-color:\r\n    #f28432\r\n}\r\n.update-tags a.update-category.update-category-news, .update-tags a.update-category.update-category-nouvelles {\r\n  background-color: #58b891\r\n}\r\n.update-tags a.update-category.update-category-events, .update-tags a.update-category.update-category-evenement {\r\n  background-color: #fdc76a\r\n}\r\n.update-tags a.update-category.update-category-opportunity, .update-tags a.update-category.update-category-opportunite {\r\n  background-color: #4768ad\r\n}\r\n<\/style>\r\n<div class=\"cl-element cl-element-text cl-element--instance-1003 \"><div class=\"update-tags\"><a href=\"https:\/\/clareprogramme.org\/fr\/category\/evenement\/\" class=\"update-category update-category-evenement update-category-id-801\">\u00c9v\u00e9nement<\/a> <a href=\"https:\/\/clareprogramme.org\/fr\/clare_project\/pole-de-recherche-porteuse-impact-pole-rpi\/\" class=\"project-short-name project-term-pole-de-recherche-porteuse-impact-pole-rpi project-term-id-734\">P\u00f4le RPI<\/a> <a href=\"https:\/\/clareprogramme.org\/fr\/clare_project\/renforcer-la-participation-inclusive-des-pays-du-sud-au-rapport-special-sur-les-changements-climatiques-et-les-villes-du-giec\/\" class=\"project-short-name project-term-renforcer-la-participation-inclusive-des-pays-du-sud-au-rapport-special-sur-les-changements-climatiques-et-les-villes-du-giec project-term-id-1284\">Inclusive SRCities<\/a><\/div><\/div><\/div><\/div><\/div><div  class=\"cl-layout__item cl-layout__item--id-9566\" ><div  class=\"cl-template cl-template--post cl-template--id-5931 cl-template--image-top\" ><div class=\"cl-element cl-element-featured_media cl-element--instance-1004  cl-element-featured_media--sizing-aspect_ratio\"><a class=\"cl-element-featured_media__anchor\" href=\"https:\/\/clareprogramme.org\/fr\/update\/atelier-sur-les-moyens-de-combler-les-lacunes-en-matiere-dadaptation-au-changement-climatique\/\" title=\"Atelier sur les moyens de combler les lacunes en mati\u00e8re d&rsquo;adaptation au changement climatique\"><div class=\"cl-element-featured_media__image\" style=\"background-image: url(https:\/\/clareprogramme.org\/wp-content\/uploads\/2024\/10\/AJL0244.jpg)\" role=\"img\" aria-label=\"Woman standing in front of wetland\"><\/div><\/a><\/div><div class=\"cl-element cl-element-section cl-element--instance-1005 \"><div class=\"cl-element cl-element-published_date cl-element--instance-1001 clare-post-date\">octobre 1, 2024<\/div><h2 class=\"cl-element cl-element-title cl-element--instance-1002 \"><a class=\"cl-element-title__anchor\" href=\"https:\/\/clareprogramme.org\/fr\/update\/atelier-sur-les-moyens-de-combler-les-lacunes-en-matiere-dadaptation-au-changement-climatique\/\">Atelier sur les moyens de combler les lacunes en mati\u00e8re d&rsquo;adaptation au changement climatique<\/a><\/h2><style>\r\n.update-tags a.project-short-name,\r\n.update-tags a.update-category {\r\n    color: #ffffff;\r\n    display: inline-block;\r\n    margin: 0px 5px 5px 0px;\r\n    padding: 3px 7px;\r\n    border-radius: 4px;\r\n    font-family: 'Poppins', sans-serif;\r\n    text-decoration: none;\r\n    font-size: 14px;\r\n}\r\n\/* Default project term styling *\/\r\n.update-tags a.project-short-name {\r\n  background-color: #3F5E80;\r\n}\r\n\/* Default category styling *\/\r\n.update-tags a.update-category {\r\n  background-color: #e03333;\r\n}\r\n.update-tags a:hover {\r\n  text-decoration: underline;\r\n}\r\n.update-tags a.update-category.update-category-blog, .update-tags a.update-category.update-category-blogue {\r\n  background-color:\r\n    #f28432\r\n}\r\n.update-tags a.update-category.update-category-news, .update-tags a.update-category.update-category-nouvelles {\r\n  background-color: #58b891\r\n}\r\n.update-tags a.update-category.update-category-events, .update-tags a.update-category.update-category-evenement {\r\n  background-color: #fdc76a\r\n}\r\n.update-tags a.update-category.update-category-opportunity, .update-tags a.update-category.update-category-opportunite {\r\n  background-color: #4768ad\r\n}\r\n<\/style>\r\n<div class=\"cl-element cl-element-text cl-element--instance-1003 \"><div class=\"update-tags\"><a href=\"https:\/\/clareprogramme.org\/fr\/category\/evenement\/\" class=\"update-category update-category-evenement update-category-id-801\">\u00c9v\u00e9nement<\/a><\/div><\/div><\/div><\/div><\/div><div  class=\"cl-layout__item cl-layout__item--id-6556\" ><div  class=\"cl-template cl-template--post cl-template--id-5931 cl-template--image-top\" ><div class=\"cl-element cl-element-featured_media cl-element--instance-1004  cl-element-featured_media--sizing-aspect_ratio\"><a class=\"cl-element-featured_media__anchor\" href=\"https:\/\/clareprogramme.org\/fr\/update\/clare-approfondira-le-debat-sur-ladaptation-et-la-resilience-lors-du-sommet-what-works-climate-solutions\/\" title=\"CLARE approfondira le d\u00e9bat sur l&rsquo;adaptation et la r\u00e9silience lors du sommet What Works Climate Solutions\"><div class=\"cl-element-featured_media__image\" style=\"background-image: url(https:\/\/clareprogramme.org\/wp-content\/uploads\/2024\/06\/27IDRC_Kenya.jpg)\" role=\"img\" aria-label=\"Tree at the end of a dirt road\"><\/div><\/a><\/div><div class=\"cl-element cl-element-section cl-element--instance-1005 \"><div class=\"cl-element cl-element-published_date cl-element--instance-1001 clare-post-date\">juin 5, 2024<\/div><h2 class=\"cl-element cl-element-title cl-element--instance-1002 \"><a class=\"cl-element-title__anchor\" href=\"https:\/\/clareprogramme.org\/fr\/update\/clare-approfondira-le-debat-sur-ladaptation-et-la-resilience-lors-du-sommet-what-works-climate-solutions\/\">CLARE approfondira le d\u00e9bat sur l&rsquo;adaptation et la r\u00e9silience lors du sommet What Works Climate Solutions<\/a><\/h2><style>\r\n.update-tags a.project-short-name,\r\n.update-tags a.update-category {\r\n    color: #ffffff;\r\n    display: inline-block;\r\n    margin: 0px 5px 5px 0px;\r\n    padding: 3px 7px;\r\n    border-radius: 4px;\r\n    font-family: 'Poppins', sans-serif;\r\n    text-decoration: none;\r\n    font-size: 14px;\r\n}\r\n\/* Default project term styling *\/\r\n.update-tags a.project-short-name {\r\n  background-color: #3F5E80;\r\n}\r\n\/* Default category styling *\/\r\n.update-tags a.update-category {\r\n  background-color: #e03333;\r\n}\r\n.update-tags a:hover {\r\n  text-decoration: underline;\r\n}\r\n.update-tags a.update-category.update-category-blog, .update-tags a.update-category.update-category-blogue {\r\n  background-color:\r\n    #f28432\r\n}\r\n.update-tags a.update-category.update-category-news, .update-tags a.update-category.update-category-nouvelles {\r\n  background-color: #58b891\r\n}\r\n.update-tags a.update-category.update-category-events, .update-tags a.update-category.update-category-evenement {\r\n  background-color: #fdc76a\r\n}\r\n.update-tags a.update-category.update-category-opportunity, .update-tags a.update-category.update-category-opportunite {\r\n  background-color: #4768ad\r\n}\r\n<\/style>\r\n<div class=\"cl-element cl-element-text cl-element--instance-1003 \"><div class=\"update-tags\"><a href=\"https:\/\/clareprogramme.org\/fr\/category\/evenement\/\" class=\"update-category update-category-evenement update-category-id-801\">\u00c9v\u00e9nement<\/a> <a href=\"https:\/\/clareprogramme.org\/fr\/clare_project\/programme-synthese-recherche-africaine-changements-climatiques-baobab\/\" class=\"project-short-name project-term-programme-synthese-recherche-africaine-changements-climatiques-baobab project-term-id-733\">BAOBAB<\/a> <a href=\"https:\/\/clareprogramme.org\/fr\/clare_project\/pole-de-recherche-porteuse-impact-pole-rpi\/\" class=\"project-short-name project-term-pole-de-recherche-porteuse-impact-pole-rpi project-term-id-734\">P\u00f4le RPI<\/a> <a href=\"https:\/\/clareprogramme.org\/fr\/clare_project\/programme-clare\/\" class=\"project-short-name project-term-programme-clare project-term-id-1504\">Programme CLARE<\/a> <a href=\"https:\/\/clareprogramme.org\/fr\/clare_project\/concevoir-resilience-inclusive-villes-cotieres-africaines-resilience-ivca\/\" class=\"project-short-name project-term-concevoir-resilience-inclusive-villes-cotieres-africaines-resilience-ivca project-term-id-720\">R\u00e9silience IVCA<\/a> <a href=\"https:\/\/clareprogramme.org\/fr\/clare_project\/renforcer-capacites-adaptation-petites-agricultrices-ouganda-wosfer\/\" class=\"project-short-name project-term-renforcer-capacites-adaptation-petites-agricultrices-ouganda-wosfer project-term-id-1505\">WOSFER<\/a><\/div><\/div><\/div><\/div><\/div><\/div><div class=\"cl-pagination\"><\/div><\/div>","protected":false},"excerpt":{"rendered":"<p>Notez dans votre agenda ces \u00e9v\u00e9nements li\u00e9s \u00e0 l\u2019adaptation aux changements climatiques et \u00e0 la r\u00e9silience, qu\u2019ils soient organis\u00e9s par l\u2019initiative CLARE ou qu\u2019ils r\u00e9unissent des participants de l\u2019initiative CLARE.<\/p>\n","protected":false},"author":1,"featured_media":0,"parent":0,"menu_order":0,"comment_status":"closed","ping_status":"closed","template":"","meta":{"_acf_changed":false,"_gspb_post_css":".gspb_container-id-gsbp-1d29cb22-e21b{flex-direction:column;box-sizing:border-box}#gspb_container-id-gsbp-1d29cb22-e21b.gspb_container>p:last-of-type{margin-bottom:0}#gspb_container-id-gsbp-1d29cb22-e21b.gspb_container{position:relative;display:flex;flex-direction:row;justify-content:center;margin-bottom:0;padding-right:50px;padding-bottom:20px;padding-left:62px}@media (max-width:575.98px){#gspb_container-id-gsbp-1d29cb22-e21b.gspb_container{padding:33px}}#gspb_container-id-gsbp-1d29cb22-e21b.gspb_container>.gspb_backgroundOverlay{position:absolute;top:0;left:0;width:100%;height:100%;z-index:-1;-webkit-backdrop-filter:blur(3.7px);backdrop-filter:blur(3.7px);background-color:#e03333bd}#gspb_container-id-gsbp-1d29cb22-e21b.gspb_container{isolation:isolate}body.gspb-bodyfront #gspb_container-id-gsbp-1d29cb22-e21b.gspb_container{max-width:1000px}@media (max-width:991.98px){body.gspb-bodyfront #gspb_container-id-gsbp-1d29cb22-e21b.gspb_container{min-width:600px}}@media (max-width:575.98px){body.gspb-bodyfront #gspb_container-id-gsbp-1d29cb22-e21b.gspb_container{min-width:200px}}","footnotes":""},"clare_partners":[],"clare_projects":[],"clare_themes":[],"clare_threads":[],"clare_topics":[],"clare_countries":[],"clare_pillars":[],"all_countries":[],"all_keywords":[],"restypes":[],"output_authors":[],"years":[],"all_projects":[],"ppma_author":[888],"class_list":["post-4656","page","type-page","status-publish","hentry"],"blocksy_meta":[],"acf":[],"aioseo_notices":[],"_links":{"self":[{"href":"https:\/\/clareprogramme.org\/fr\/wp-json\/wp\/v2\/pages\/4656","targetHints":{"allow":["GET"]}}],"collection":[{"href":"https:\/\/clareprogramme.org\/fr\/wp-json\/wp\/v2\/pages"}],"about":[{"href":"https:\/\/clareprogramme.org\/fr\/wp-json\/wp\/v2\/types\/page"}],"author":[{"embeddable":true,"href":"https:\/\/clareprogramme.org\/fr\/wp-json\/wp\/v2\/users\/1"}],"replies":[{"embeddable":true,"href":"https:\/\/clareprogramme.org\/fr\/wp-json\/wp\/v2\/comments?post=4656"}],"version-history":[{"count":5,"href":"https:\/\/clareprogramme.org\/fr\/wp-json\/wp\/v2\/pages\/4656\/revisions"}],"predecessor-version":[{"id":171030,"href":"https:\/\/clareprogramme.org\/fr\/wp-json\/wp\/v2\/pages\/4656\/revisions\/171030"}],"wp:attachment":[{"href":"https:\/\/clareprogramme.org\/fr\/wp-json\/wp\/v2\/media?parent=4656"}],"wp:term":[{"taxonomy":"clare_partners","embeddable":true,"href":"https:\/\/clareprogramme.org\/fr\/wp-json\/wp\/v2\/clare_partners?post=4656"},{"taxonomy":"clare_projects","embeddable":true,"href":"https:\/\/clareprogramme.org\/fr\/wp-json\/wp\/v2\/clare_projects?post=4656"},{"taxonomy":"clare_themes","embeddable":true,"href":"https:\/\/clareprogramme.org\/fr\/wp-json\/wp\/v2\/clare_themes?post=4656"},{"taxonomy":"clare_threads","embeddable":true,"href":"https:\/\/clareprogramme.org\/fr\/wp-json\/wp\/v2\/clare_threads?post=4656"},{"taxonomy":"clare_topics","embeddable":true,"href":"https:\/\/clareprogramme.org\/fr\/wp-json\/wp\/v2\/clare_topics?post=4656"},{"taxonomy":"clare_countries","embeddable":true,"href":"https:\/\/clareprogramme.org\/fr\/wp-json\/wp\/v2\/clare_countries?post=4656"},{"taxonomy":"clare_pillars","embeddable":true,"href":"https:\/\/clareprogramme.org\/fr\/wp-json\/wp\/v2\/clare_pillars?post=4656"},{"taxonomy":"all_countries","embeddable":true,"href":"https:\/\/clareprogramme.org\/fr\/wp-json\/wp\/v2\/all_countries?post=4656"},{"taxonomy":"all_keywords","embeddable":true,"href":"https:\/\/clareprogramme.org\/fr\/wp-json\/wp\/v2\/all_keywords?post=4656"},{"taxonomy":"restypes","embeddable":true,"href":"https:\/\/clareprogramme.org\/fr\/wp-json\/wp\/v2\/restypes?post=4656"},{"taxonomy":"output_authors","embeddable":true,"href":"https:\/\/clareprogramme.org\/fr\/wp-json\/wp\/v2\/output_authors?post=4656"},{"taxonomy":"years","embeddable":true,"href":"https:\/\/clareprogramme.org\/fr\/wp-json\/wp\/v2\/years?post=4656"},{"taxonomy":"all_projects","embeddable":true,"href":"https:\/\/clareprogramme.org\/fr\/wp-json\/wp\/v2\/all_projects?post=4656"},{"taxonomy":"author","embeddable":true,"href":"https:\/\/clareprogramme.org\/fr\/wp-json\/wp\/v2\/ppma_author?post=4656"}],"curies":[{"name":"wp","href":"https:\/\/api.w.org\/{rel}","templated":true}]}}