{"id":4664,"date":"2023-10-09T18:47:24","date_gmt":"2023-10-09T22:47:24","guid":{"rendered":"https:\/\/stage.clareprogramme.org\/partenariats\/"},"modified":"2026-02-15T17:12:19","modified_gmt":"2026-02-15T22:12:19","slug":"partenariats","status":"publish","type":"page","link":"https:\/\/clareprogramme.org\/fr\/partenariats\/","title":{"rendered":"Partenariats"},"content":{"rendered":"\n<div class=\"wp-block-cover alignfull is-light has-parallax has-custom-content-position is-position-bottom-center\" style=\"margin-top:0;margin-bottom:0;padding-top:0;padding-right:0px;padding-bottom:0;padding-left:0px;min-height:300px;aspect-ratio:unset;\"><div role=\"img\" aria-label=\"DECCMA Basic embankment stabilisation\" class=\"wp-block-cover__image-background wp-image-171197 size-full has-parallax\" style=\"background-position:50% 50%;background-image:url(https:\/\/clareprogramme.org\/wp-content\/uploads\/2026\/01\/DECCMA-2UgvEqaQ_jpeg_ShouvikDas_cropped.jpg)\"><\/div><span aria-hidden=\"true\" class=\"wp-block-cover__background has-background-dim-0 has-background-dim\" style=\"background-color:#8a8a86\"><\/span><div class=\"wp-block-cover__inner-container is-layout-constrained wp-container-core-cover-is-layout-3fa179e2 wp-block-cover-is-layout-constrained\">\n<p class=\"has-text-align-center has-large-font-size\"><\/p>\n<\/div><\/div>\n\n\n\n<div class=\"wp-block-group alignfull is-layout-constrained wp-container-core-group-is-layout-e5ea3f1a wp-block-group-is-layout-constrained\" style=\"padding-top:var(--wp--preset--spacing--60);padding-bottom:0\">\n<h2 class=\"wp-block-heading\" id=\"partenariats\">Partenariats<\/h2>\n\n\n\n<p class=\"has-text-align-left has-text-color has-link-color wp-elements-eff0c636db85c835f18a8a9d6b966930\" style=\"color:#58595b\">Les partenariats de l\u2019initiative CLARE soutiennent les alliances strat\u00e9giques dans le domaine de la science du climat et de l\u2019adaptation. Actuellement, CLARE soutient les projets <a href=\"https:\/\/clareprogramme.org\/?project=adaptation-research-alliance\" data-type=\"link\" data-id=\"https:\/\/clareprogramme.org\/?project=adaptation-research-alliance\">Alliance pour la recherche sur l\u2019adaptation (ARA)<\/a> et <a href=\"https:\/\/clareprogramme.org\/?project=climate-risk-early-warning-system-crews\" data-type=\"link\" data-id=\"https:\/\/clareprogramme.org\/?project=climate-risk-early-warning-system-crews\">Risques climatiques et syst\u00e8mes d\u2019alerte pr\u00e9coce (CREWS, de l\u2019anglais Climate Risks and Early Warning Systems)<\/a>.<\/p>\n<\/div>\n\n\n\n<div class=\"wp-block-group is-layout-constrained wp-block-group-is-layout-constrained\">\n<div class=\"wp-block-cover\" style=\"min-height:12rem;aspect-ratio:unset;\"><img fetchpriority=\"high\" decoding=\"async\" width=\"1920\" height=\"1050\" class=\"wp-block-cover__image-background wp-image-4029 size-full\" alt=\"Boat maintenance at Lambu Landing Site\" src=\"https:\/\/clareprogramme.org\/wp-content\/uploads\/2023\/10\/Boat-maintenance-at-Lambu-Landing-Site.jpg\" data-object-fit=\"cover\" srcset=\"https:\/\/clareprogramme.org\/wp-content\/uploads\/2023\/10\/Boat-maintenance-at-Lambu-Landing-Site.jpg 1920w, https:\/\/clareprogramme.org\/wp-content\/uploads\/2023\/10\/Boat-maintenance-at-Lambu-Landing-Site-300x164.jpg 300w, https:\/\/clareprogramme.org\/wp-content\/uploads\/2023\/10\/Boat-maintenance-at-Lambu-Landing-Site-1024x560.jpg 1024w, https:\/\/clareprogramme.org\/wp-content\/uploads\/2023\/10\/Boat-maintenance-at-Lambu-Landing-Site-768x420.jpg 768w, https:\/\/clareprogramme.org\/wp-content\/uploads\/2023\/10\/Boat-maintenance-at-Lambu-Landing-Site-1536x840.jpg 1536w\" sizes=\"(max-width: 1920px) 100vw, 1920px\" \/><span aria-hidden=\"true\" class=\"wp-block-cover__background has-palette-color-4-background-color has-background-dim-30 has-background-dim\"><\/span><div class=\"wp-block-cover__inner-container is-layout-constrained wp-block-cover-is-layout-constrained\">\n<h3 class=\"wp-block-heading has-text-align-center has-palette-color-8-color has-text-color has-link-color wp-elements-6658660ba5c1403576142a35a460d807\" id=\"climate-risk-early-warning-system-crews\">Initiative CREWS (Climate Risk Early Warning System)<\/h3>\n<\/div><\/div>\n\n\n\n<p>Par l\u2019interm\u00e9diaire de CLARE, le Royaume-Uni apporte son soutien \u00e0 l\u2019initiative des syst\u00e8mes d\u2019alerte pr\u00e9coce sur les risques climatiques\u00a0<a href=\"https:\/\/www.crews-initiative.org\/en\" target=\"_blank\" rel=\"noreferrer noopener\">(CREWS)<\/a>. CREWS permet et renforce les activit\u00e9s qui augmentent la disponibilit\u00e9 et l\u2019acc\u00e8s aux syst\u00e8mes d\u2019alerte pr\u00e9coce dans les PMA, y compris dans les pays fragiles ou en conflit. Il existe des liens \u00e9troits et des enseignements entre CREWS et les programmes de services d\u2019information m\u00e9t\u00e9orologique et climatique (WISER) financ\u00e9s par la FCDO. L\u2019impact du CREWS est \u00e9tay\u00e9 par l\u2019expertise et l\u2019exp\u00e9rience collective de ses partenaires de mise en \u0153uvre \u2013 l\u2019Organisation m\u00e9t\u00e9orologique mondiale (OMM), le Groupe de la Banque mondiale\/Facilit\u00e9 mondiale pour la r\u00e9duction des catastrophes et le rel\u00e8vement (GFDRR), et le Bureau des Nations unies pour la r\u00e9duction des risques de catastrophes (UNDRR).<\/p>\n<\/div>\n\n\n\n<div class=\"wp-block-cover\" style=\"min-height:12rem;aspect-ratio:unset;\"><img decoding=\"async\" width=\"1920\" height=\"1280\" class=\"wp-block-cover__image-background wp-image-4158 size-full\" alt=\"\" src=\"https:\/\/clareprogramme.org\/wp-content\/uploads\/2023\/10\/106305_106927_idrc-petterik_wiggerspanos_0867a_8489373468_o1.jpg\" style=\"object-position:53% 30%\" data-object-fit=\"cover\" data-object-position=\"53% 30%\" srcset=\"https:\/\/clareprogramme.org\/wp-content\/uploads\/2023\/10\/106305_106927_idrc-petterik_wiggerspanos_0867a_8489373468_o1.jpg 1920w, https:\/\/clareprogramme.org\/wp-content\/uploads\/2023\/10\/106305_106927_idrc-petterik_wiggerspanos_0867a_8489373468_o1-300x200.jpg 300w, https:\/\/clareprogramme.org\/wp-content\/uploads\/2023\/10\/106305_106927_idrc-petterik_wiggerspanos_0867a_8489373468_o1-1024x683.jpg 1024w, https:\/\/clareprogramme.org\/wp-content\/uploads\/2023\/10\/106305_106927_idrc-petterik_wiggerspanos_0867a_8489373468_o1-768x512.jpg 768w, https:\/\/clareprogramme.org\/wp-content\/uploads\/2023\/10\/106305_106927_idrc-petterik_wiggerspanos_0867a_8489373468_o1-1536x1024.jpg 1536w, https:\/\/clareprogramme.org\/wp-content\/uploads\/2023\/10\/106305_106927_idrc-petterik_wiggerspanos_0867a_8489373468_o1-1200x800.jpg 1200w\" sizes=\"(max-width: 1920px) 100vw, 1920px\" \/><span aria-hidden=\"true\" class=\"wp-block-cover__background has-palette-color-4-background-color has-background-dim-30 has-background-dim\"><\/span><div class=\"wp-block-cover__inner-container is-layout-constrained wp-block-cover-is-layout-constrained\">\n<h3 class=\"wp-block-heading has-text-align-center has-palette-color-8-color has-text-color has-link-color wp-elements-e612004441bc4c343d26aa2fe2ca3630\" id=\"climate-risk-early-warning-system-crews\">Alliance pour la recherche sur l\u2019adaptation (ARA)<\/h3>\n<\/div><\/div>\n\n\n\n<div class=\"wp-block-group is-layout-constrained wp-block-group-is-layout-constrained\">\n<p><a href=\"https:\/\/www.adaptationresearchalliance.org\/\" target=\"_blank\" rel=\"noreferrer noopener\">L\u2019Alliance pour la recherche sur l\u2019adaptation (ARA)<\/a>&nbsp;est une coalition mondiale qui s\u2019engage en faveur d\u2019un nouveau paradigme de recherche sur l\u2019adaptation pour l\u2019impact. Elle soutient la recherche orient\u00e9e vers l\u2019action qui permet de trouver des solutions d\u2019adaptation et de r\u00e9duire les risques li\u00e9s au changement climatique \u00e0 l\u2019\u00e9chelle requise d\u2019urgence par la science.<\/p>\n\n\n\n<p>\u00c0 ce jour, l\u2019Alliance pour la recherche sur l\u2019adaptation a r\u00e9ussi \u00e0 mettre en place des partenariats diversifi\u00e9s, dirig\u00e9s par les pays du Sud et de grande envergure. Au d\u00e9but de l\u2019ann\u00e9e 2023, l\u2019Alliance comptait plus de 190 membres, dont 71 % du Sud, et a facilit\u00e9 la cr\u00e9ation de quatre espaces de cocr\u00e9ation sur les pays les moins avanc\u00e9s et les plans nationaux d\u2019adaptation, la r\u00e9silience urbaine, l\u2019agriculture \u00e0 petite \u00e9chelle et les solutions fond\u00e9es sur la nature.<\/p>\n\n\n\n<p>L\u2019ARA a \u00e9galement permis \u00e0 ses membres de faire entendre leur voix lors de forums internationaux importants, par exemple en contribuant \u00e0 l\u2019inventaire mondial et \u00e0 l\u2019\u00e9laboration de l\u2019objectif mondial en mati\u00e8re d\u2019adaptation. L\u2019Alliance a \u00e9galement r\u00e9ussi \u00e0 informer et \u00e0 mobiliser la recherche orient\u00e9e vers l\u2019action, y compris un appel du NERC sur les solutions bas\u00e9es sur la nature et les investissements des fondations Bill et Melinda Gates, et \u00e0 organiser avec succ\u00e8s une table ronde des bailleurs de fonds en 2023, co-organis\u00e9e par le FCDO et la fondation Bill et Melinda Gates.<\/p>\n\n\n\n<p>En 2023, l\u2019ARA a \u00e9galement soutenu 30 micro-subventions de Grassroots Action Research, couvrant de petits projets dans 23 pays avec un accent sur l\u2019adaptation climatique \u00e9quitable en termes de genre et socialement inclusive dans le cadre de leurs processus de co-cr\u00e9ation. Il s\u2019agit notamment d\u2019un projet en \u00c9thiopie visant \u00e0 accro\u00eetre la r\u00e9silience des femmes au changement climatique gr\u00e2ce \u00e0 des outils d\u2019agriculture intelligente et \u00e0 renforcer la s\u00e9curit\u00e9 alimentaire gr\u00e2ce \u00e0 la production de fruits. Et, au Kenya, un inventaire des solutions pour relever le double d\u00e9fi du changement climatique et des probl\u00e8mes environnementaux urbains en Afrique subsaharienne, visant \u00e0 accro\u00eetre l\u2019implication des jeunes dans la r\u00e9ponse de l\u2019Afrique subsaharienne au changement climatique et dans ses aspirations au d\u00e9veloppement durable.<\/p>\n<\/div>\n","protected":false},"excerpt":{"rendered":"<p>Partenariats Les partenariats de l\u2019initiative CLARE soutiennent les alliances strat\u00e9giques dans le domaine de la science du climat et de l\u2019adaptation. Actuellement, CLARE soutient les projets Alliance pour la recherche sur l\u2019adaptation (ARA) et Risques climatiques et syst\u00e8mes d\u2019alerte pr\u00e9coce (CREWS, de l\u2019anglais Climate Risks and Early Warning Systems). Par l\u2019interm\u00e9diaire de CLARE, le Royaume-Uni [&hellip;]<\/p>\n","protected":false},"author":1,"featured_media":0,"parent":0,"menu_order":0,"comment_status":"closed","ping_status":"closed","template":"","meta":{"_acf_changed":false,"_gspb_post_css":"","footnotes":""},"clare_partners":[],"clare_projects":[],"clare_themes":[],"clare_threads":[],"clare_topics":[],"clare_countries":[],"clare_pillars":[],"all_countries":[],"all_keywords":[],"restypes":[],"output_authors":[],"years":[],"all_projects":[],"ppma_author":[888],"class_list":["post-4664","page","type-page","status-publish","hentry"],"blocksy_meta":[],"acf":[],"aioseo_notices":[],"_links":{"self":[{"href":"https:\/\/clareprogramme.org\/fr\/wp-json\/wp\/v2\/pages\/4664","targetHints":{"allow":["GET"]}}],"collection":[{"href":"https:\/\/clareprogramme.org\/fr\/wp-json\/wp\/v2\/pages"}],"about":[{"href":"https:\/\/clareprogramme.org\/fr\/wp-json\/wp\/v2\/types\/page"}],"author":[{"embeddable":true,"href":"https:\/\/clareprogramme.org\/fr\/wp-json\/wp\/v2\/users\/1"}],"replies":[{"embeddable":true,"href":"https:\/\/clareprogramme.org\/fr\/wp-json\/wp\/v2\/comments?post=4664"}],"version-history":[{"count":14,"href":"https:\/\/clareprogramme.org\/fr\/wp-json\/wp\/v2\/pages\/4664\/revisions"}],"predecessor-version":[{"id":171425,"href":"https:\/\/clareprogramme.org\/fr\/wp-json\/wp\/v2\/pages\/4664\/revisions\/171425"}],"wp:attachment":[{"href":"https:\/\/clareprogramme.org\/fr\/wp-json\/wp\/v2\/media?parent=4664"}],"wp:term":[{"taxonomy":"clare_partners","embeddable":true,"href":"https:\/\/clareprogramme.org\/fr\/wp-json\/wp\/v2\/clare_partners?post=4664"},{"taxonomy":"clare_projects","embeddable":true,"href":"https:\/\/clareprogramme.org\/fr\/wp-json\/wp\/v2\/clare_projects?post=4664"},{"taxonomy":"clare_themes","embeddable":true,"href":"https:\/\/clareprogramme.org\/fr\/wp-json\/wp\/v2\/clare_themes?post=4664"},{"taxonomy":"clare_threads","embeddable":true,"href":"https:\/\/clareprogramme.org\/fr\/wp-json\/wp\/v2\/clare_threads?post=4664"},{"taxonomy":"clare_topics","embeddable":true,"href":"https:\/\/clareprogramme.org\/fr\/wp-json\/wp\/v2\/clare_topics?post=4664"},{"taxonomy":"clare_countries","embeddable":true,"href":"https:\/\/clareprogramme.org\/fr\/wp-json\/wp\/v2\/clare_countries?post=4664"},{"taxonomy":"clare_pillars","embeddable":true,"href":"https:\/\/clareprogramme.org\/fr\/wp-json\/wp\/v2\/clare_pillars?post=4664"},{"taxonomy":"all_countries","embeddable":true,"href":"https:\/\/clareprogramme.org\/fr\/wp-json\/wp\/v2\/all_countries?post=4664"},{"taxonomy":"all_keywords","embeddable":true,"href":"https:\/\/clareprogramme.org\/fr\/wp-json\/wp\/v2\/all_keywords?post=4664"},{"taxonomy":"restypes","embeddable":true,"href":"https:\/\/clareprogramme.org\/fr\/wp-json\/wp\/v2\/restypes?post=4664"},{"taxonomy":"output_authors","embeddable":true,"href":"https:\/\/clareprogramme.org\/fr\/wp-json\/wp\/v2\/output_authors?post=4664"},{"taxonomy":"years","embeddable":true,"href":"https:\/\/clareprogramme.org\/fr\/wp-json\/wp\/v2\/years?post=4664"},{"taxonomy":"all_projects","embeddable":true,"href":"https:\/\/clareprogramme.org\/fr\/wp-json\/wp\/v2\/all_projects?post=4664"},{"taxonomy":"author","embeddable":true,"href":"https:\/\/clareprogramme.org\/fr\/wp-json\/wp\/v2\/ppma_author?post=4664"}],"curies":[{"name":"wp","href":"https:\/\/api.w.org\/{rel}","templated":true}]}}