{"id":4671,"date":"2023-09-26T03:01:50","date_gmt":"2023-09-26T07:01:50","guid":{"rendered":"https:\/\/stage.clareprogramme.org\/a-propos\/"},"modified":"2026-01-14T11:27:46","modified_gmt":"2026-01-14T16:27:46","slug":"a-propos","status":"publish","type":"page","link":"https:\/\/clareprogramme.org\/fr\/a-propos\/","title":{"rendered":"\u00c0 propos"},"content":{"rendered":"\n<div class=\"wp-block-cover alignfull has-parallax has-custom-content-position is-position-bottom-center\" style=\"margin-top:0;margin-bottom:0;padding-top:0;padding-right:0px;padding-bottom:0;padding-left:0px;min-height:300px;aspect-ratio:unset;\"><div class=\"wp-block-cover__image-background wp-image-4298 has-parallax\" style=\"background-position:50% 50%;background-image:url(https:\/\/clareprogramme.org\/wp-content\/uploads\/2023\/11\/Sunrise-Lake-Nabugabo.jpg)\"><\/div><span aria-hidden=\"true\" class=\"wp-block-cover__background has-background-dim-0 has-background-dim\"><\/span><div class=\"wp-block-cover__inner-container is-layout-constrained wp-container-core-cover-is-layout-3fa179e2 wp-block-cover-is-layout-constrained\">\n<p class=\"has-text-align-center has-large-font-size\"><\/p>\n<\/div><\/div>\n\n\n\n<div class=\"wp-block-group alignfull is-layout-constrained wp-container-core-group-is-layout-0a0f4b49 wp-block-group-is-layout-constrained\" style=\"padding-top:var(--wp--preset--spacing--60);padding-bottom:var(--wp--preset--spacing--60)\">\n<h2 class=\"wp-block-heading\" id=\"a-propos\">\u00c0 propos<\/h2>\n\n\n\n<p class=\"has-text-align-left has-text-color has-link-color wp-elements-bd71be33b0594c2a75d64b4e0dcebf31\" style=\"color:#58595b;font-size:clamp(14px, 0.875rem + ((1vw - 3.2px) * 0.156), 16px);\">L\u2019initiative CLARE est une initiative con\u00e7ue, financ\u00e9e et g\u00e9r\u00e9e conjointement par le Foreign, Commonwealth &amp; Development Office (FCDO) du Royaume-Uni et le Centre de recherches pour le d\u00e9veloppement international (CRDI) du Canada. Gr\u00e2ce \u00e0 des engagements et des partenariats \u00e0 long terme dans le monde entier, et \u00e0 une recherche ax\u00e9e sur les besoins et l&rsquo;action, le Royaume-Uni et le Canada comblent les lacunes critiques entre la science et l&rsquo;action : ils d\u00e9veloppent de nouveaux outils et aident les gouvernements partenaires, les communaut\u00e9s et le secteur priv\u00e9 \u00e0 utiliser les donn\u00e9es probantes et l&rsquo;innovation pour trouver des solutions efficaces au d\u00e9fi climatique, tout en renfor\u00e7ant les capacit\u00e9s de ceux qui effectuent la recherche et de ceux qui utilisent les donn\u00e9es probantes qui en r\u00e9sultent.<\/p>\n<\/div>\n\n\n\n<p class=\"has-text-align-center\"><\/p>\n\n\n\n<div class=\"wp-block-group alignfull has-palette-color-5-background-color has-background is-layout-constrained wp-container-core-group-is-layout-f8c821b0 wp-block-group-is-layout-constrained\" style=\"margin-top:0;margin-bottom:var(--wp--preset--spacing--80);padding-top:var(--wp--preset--spacing--60);padding-bottom:var(--wp--preset--spacing--60)\">\n<div class=\"wp-block-columns are-vertically-aligned-center is-layout-flex wp-container-core-columns-is-layout-28f84493 wp-block-columns-is-layout-flex\">\n<div class=\"wp-block-column is-vertically-aligned-center is-layout-flow wp-block-column-is-layout-flow\">\n<h2 class=\"wp-block-heading has-text-color\" id=\"recherche\" style=\"color:#3e66ad\"><strong>Th\u00e8mes de recherche<\/strong><\/h2>\n\n\n\n<p class=\"has-text-color has-link-color has-medium-font-size wp-elements-a380c485c706ffcf337d784faa21fb7d\" style=\"color:#58595b\">La recherche soutenue au moyen de l\u2019initiative CLARE permet d\u2019\u00e9tablir des liens entre les enjeux \u00e0 court et \u00e0 long terme en travaillant sur trois th\u00e8mes interd\u00e9pendants:<\/p>\n\n\n\n<p class=\"has-text-color has-link-color wp-elements-d1a9994500c88c2f758527838cecb4b2\" style=\"color:#58595b\"><strong>Une compr\u00e9hension du risque climatique<\/strong><br>Am\u00e9liorer notre compr\u00e9hension des risques li\u00e9s au climat et aux al\u00e9as naturels en comblant les lacunes de la science sous-jacente<\/p>\n\n\n\n<p class=\"has-text-color has-link-color wp-elements-ad6bb74c2dadfb9761eec7e705d91a8c\" style=\"color:#58595b\"><strong>Une action pr\u00e9coce tenant compte des risques<\/strong><br>Soutenir une action pr\u00e9coce afin de r\u00e9duire les r\u00e9percussions de la variabilit\u00e9 du climat, et r\u00e9duire les r\u00e9percussions humanitaires sur les vies et les moyens de subsistance<\/p>\n\n\n\n<p class=\"has-text-color has-link-color wp-elements-decb49baaf68c99490a8fc29a0169733\" style=\"color:#58595b\"><strong>Un d\u00e9veloppement dans un climat changeant<\/strong><br>Permettre un d\u00e9veloppement \u00e9conomique et social \u00e0 long terme, durable et \u00e9quitable dans un climat changeant<\/p>\n<\/div>\n\n\n\n<div class=\"wp-block-column is-vertically-aligned-center is-layout-flow wp-block-column-is-layout-flow\">\n<figure class=\"wp-block-image aligncenter size-large is-resized about-research-logo\"><img fetchpriority=\"high\" decoding=\"async\" width=\"1024\" height=\"1024\" src=\"https:\/\/clareprogramme.org\/wp-content\/uploads\/2023\/10\/clare-research-themes-1024x1024.png\" alt=\"\" class=\"wp-image-2384\" style=\"object-fit:contain;width:509px;height:509px\" srcset=\"https:\/\/clareprogramme.org\/wp-content\/uploads\/2023\/10\/clare-research-themes-1024x1024.png 1024w, https:\/\/clareprogramme.org\/wp-content\/uploads\/2023\/10\/clare-research-themes-300x300.png 300w, https:\/\/clareprogramme.org\/wp-content\/uploads\/2023\/10\/clare-research-themes-150x150.png 150w, https:\/\/clareprogramme.org\/wp-content\/uploads\/2023\/10\/clare-research-themes-768x768.png 768w, https:\/\/clareprogramme.org\/wp-content\/uploads\/2023\/10\/clare-research-themes-600x600.png 600w, https:\/\/clareprogramme.org\/wp-content\/uploads\/2023\/10\/clare-research-themes.png 1286w\" sizes=\"(max-width: 1024px) 100vw, 1024px\" \/><\/figure>\n<\/div>\n<\/div>\n<\/div>\n\n\n\n<div class=\"wp-block-group alignfull is-layout-constrained wp-container-core-group-is-layout-704e782a wp-block-group-is-layout-constrained\" id=\".hide\">\n<h2 class=\"wp-block-heading has-text-color\" id=\"piliers\" style=\"color:#3e66ad\"><strong>Nos trois piliers<\/strong><\/h2>\n\n\n\n<div class=\"wp-block-columns is-layout-flex wp-container-core-columns-is-layout-dfc66d0c wp-block-columns-is-layout-flex\" style=\"margin-top:var(--wp--preset--spacing--80);margin-bottom:var(--wp--preset--spacing--80);padding-right:0;padding-left:0\">\n<div class=\"wp-block-column is-layout-flow wp-block-column-is-layout-flow\" style=\"padding-top:var(--wp--preset--spacing--20);padding-right:0;padding-bottom:var(--wp--preset--spacing--20);padding-left:0\">\n<figure class=\"wp-block-image aligncenter size-full is-resized\"><img decoding=\"async\" width=\"620\" height=\"556\" src=\"https:\/\/clareprogramme.org\/wp-content\/uploads\/2023\/11\/ico_1b_large.png\" alt=\"New logo for homepage - one\" class=\"wp-image-4220\" style=\"object-fit:contain;width:150px;height:150px\" srcset=\"https:\/\/clareprogramme.org\/wp-content\/uploads\/2023\/11\/ico_1b_large.png 620w, https:\/\/clareprogramme.org\/wp-content\/uploads\/2023\/11\/ico_1b_large-300x269.png 300w\" sizes=\"(max-width: 620px) 100vw, 620px\" \/><\/figure>\n\n\n\n<p class=\"has-text-align-center has-text-color has-link-color wp-elements-86d84f4c75a972e9cc39d5339a2757d1\" style=\"color:#58595b\"><strong><strong><strong>Mise en \u0153uvre de nouvelles recherches de fond, orient\u00e9es vers l\u2019action et l\u2019infrastructure inter-programmes<\/strong><\/strong><\/strong><\/p>\n\n\n\n<div class=\"gspb_button_wrapper gspb_button-id-gsbp-4da89485-f137\" id=\"gspb_button-id-gsbp-4da89485-f137\"><a class=\"wp-block-greenshift-blocks-buttonbox gspb-buttonbox wp-element-button\" href=\"https:\/\/clareprogramme.org\/research\/\" rel=\"noopener\"><span class=\"gspb-buttonbox-textwrap\"><span class=\"gspb-buttonbox-text\"><span class=\"gspb-buttonbox-title\">Recherche<\/span><\/span><span class=\"gspb-buttonbox-icon\"><\/span><\/span><\/a><\/div>\n<\/div>\n\n\n\n<div class=\"wp-block-column is-layout-flow wp-block-column-is-layout-flow\" style=\"padding-top:var(--wp--preset--spacing--30);padding-right:var(--wp--preset--spacing--40);padding-bottom:var(--wp--preset--spacing--30);padding-left:var(--wp--preset--spacing--40)\">\n<figure class=\"wp-block-image aligncenter size-full is-resized\"><img decoding=\"async\" width=\"578\" height=\"578\" src=\"https:\/\/clareprogramme.org\/wp-content\/uploads\/2023\/11\/ico_2b_large.png\" alt=\"New logo for homepage - two\" class=\"wp-image-4222\" style=\"object-fit:contain;width:150px;height:150px\" srcset=\"https:\/\/clareprogramme.org\/wp-content\/uploads\/2023\/11\/ico_2b_large.png 578w, https:\/\/clareprogramme.org\/wp-content\/uploads\/2023\/11\/ico_2b_large-300x300.png 300w, https:\/\/clareprogramme.org\/wp-content\/uploads\/2023\/11\/ico_2b_large-150x150.png 150w\" sizes=\"(max-width: 578px) 100vw, 578px\" \/><\/figure>\n\n\n\n<p class=\"has-text-align-center has-text-color has-link-color wp-elements-d2a54c9bcc4cc6a2582d96f6ac8f8337\" style=\"color:#58595b\"><strong><strong><strong>Fournir des services m\u00e9t\u00e9orologiques et climatiques en temps utile afin d\u2019\u00e9clairer les investissements et les actions, principalement en partenariat avec le Met Office britannique et d\u2019autres organismes<\/strong><\/strong><\/strong><\/p>\n\n\n\n<div class=\"gspb_button_wrapper gspb_button-id-gsbp-a89a2014-e13c\" id=\"gspb_button-id-gsbp-a89a2014-e13c\"><a class=\"wp-block-greenshift-blocks-buttonbox gspb-buttonbox wp-element-button\" href=\"https:\/\/clareprogramme.org\/services\/\" rel=\"noopener\"><span class=\"gspb-buttonbox-textwrap\"><span class=\"gspb-buttonbox-text\"><span class=\"gspb-buttonbox-title\">Services<\/span><\/span><span class=\"gspb-buttonbox-icon\"><\/span><\/span><\/a><\/div>\n<\/div>\n\n\n\n<div class=\"wp-block-column is-layout-flow wp-block-column-is-layout-flow\" style=\"padding-top:var(--wp--preset--spacing--20);padding-right:0;padding-bottom:var(--wp--preset--spacing--20);padding-left:0\">\n<figure class=\"wp-block-image aligncenter size-full is-resized\"><img loading=\"lazy\" decoding=\"async\" width=\"570\" height=\"557\" src=\"https:\/\/clareprogramme.org\/wp-content\/uploads\/2023\/11\/ico_3b_large.png\" alt=\"New logo for homepage - three\" class=\"wp-image-4223\" style=\"object-fit:contain;width:150px;height:150px\" srcset=\"https:\/\/clareprogramme.org\/wp-content\/uploads\/2023\/11\/ico_3b_large.png 570w, https:\/\/clareprogramme.org\/wp-content\/uploads\/2023\/11\/ico_3b_large-300x293.png 300w\" sizes=\"(max-width: 570px) 100vw, 570px\" \/><\/figure>\n\n\n\n<p class=\"has-text-align-center partnership-text-about has-text-color has-link-color wp-elements-ea23e20d090a077a59b4fbbb8bef5693\" style=\"color:#58595b\"><strong><strong><strong>Soutient les alliances strat\u00e9giques sur la science du climat et l\u2019adaptation, comme l\u2019Alliance pour la recherche sur l\u2019adaptation (ARA) et l\u2019Initiative sur les syst\u00e8mes d\u2019alerte pr\u00e9coce aux risques climatiques (CREWS<\/strong>)<\/strong><\/strong><\/p>\n\n\n\n<div class=\"gspb_button_wrapper gspb_button-id-gsbp-c554ace3-6063\" id=\"gspb_button-id-gsbp-c554ace3-6063\"><a class=\"wp-block-greenshift-blocks-buttonbox gspb-buttonbox wp-element-button\" href=\"https:\/\/clareprogramme.org\/partnerships\/\" rel=\"noopener\"><span class=\"gspb-buttonbox-textwrap\"><span class=\"gspb-buttonbox-text\"><span class=\"gspb-buttonbox-title\">Partenariats<\/span><\/span><span class=\"gspb-buttonbox-icon\"><\/span><\/span><\/a><\/div>\n<\/div>\n<\/div>\n<\/div>\n\n\n\n<div class=\"wp-block-group alignfull has-palette-color-5-background-color has-background is-layout-constrained wp-container-core-group-is-layout-704e782a wp-block-group-is-layout-constrained\">\n<div class=\"wp-block-columns is-layout-flex wp-container-core-columns-is-layout-40ed4498 wp-block-columns-is-layout-flex\" style=\"margin-top:0;margin-bottom:0;padding-top:var(--wp--preset--spacing--60);padding-bottom:var(--wp--preset--spacing--60)\">\n<div class=\"wp-block-column is-layout-flow wp-block-column-is-layout-flow\" style=\"flex-basis:100%\">\n<h2 class=\"wp-block-heading has-text-color\" id=\"ou-travaille-clare\" style=\"color:#3e66ad\">O\u00f9 travaille CLARE<\/h2>\n\n\n\n<p class=\"has-text-color has-link-color has-medium-font-size wp-elements-caf7f793c972738940cc6166bce86225\" style=\"color:#58595b\">La recherche CLARE se d\u00e9roule en Afrique, en Asie du Sud-Est et dans le Pacifique. La carte indique les lieux o\u00f9 se d\u00e9roulent les projets de recherche CLARE, ainsi que les pays suppl\u00e9mentaires couverts par les rapports sur les risques dans le cadre des services CLARE. N.B.: cette carte <em>ne couvre pas <\/em>l&rsquo;\u00e9ligibilit\u00e9 aux appels actuels ou futurs, qui peuvent \u00eatre adapt\u00e9s \u00e0 des <a href=\"https:\/\/clareprogramme.org\/fr\/occasions\/\" title=\"\">occasions <\/a>sp\u00e9cifiques.<\/p>\n\n\n\n<div class=\"gspb_button_wrapper gspb_button-id-gsbp-968c6592-20fa\" id=\"gspb_button-id-gsbp-968c6592-20fa\"><a class=\"wp-block-greenshift-blocks-buttonbox gspb-buttonbox wp-element-button\" href=\"https:\/\/clareprogramme.org\/countries\/\" rel=\"noopener\"><span class=\"gspb-buttonbox-textwrap\"><span class=\"gspb-buttonbox-text\"><span class=\"gspb-buttonbox-title\">Voir tous les pays<\/span><\/span><span class=\"gspb-buttonbox-icon\"><\/span><\/span><\/a><\/div>\n\n\n<section class=\"wp-block-outputs-outputs-map\">\n\n\t<section class=\"clare-map-section\"><div class=\"mapWrapper\"><div id=\"mapContainer\"><\/div><\/div><\/section>\n<\/section><\/div>\n<\/div>\n<\/div>\n","protected":false},"excerpt":{"rendered":"<p>\u00c0 propos L\u2019initiative CLARE est une initiative con\u00e7ue, financ\u00e9e et g\u00e9r\u00e9e conjointement par le Foreign, Commonwealth &amp; Development Office (FCDO) du Royaume-Uni et le Centre de recherches pour le d\u00e9veloppement international (CRDI) du Canada. Gr\u00e2ce \u00e0 des engagements et des partenariats \u00e0 long terme dans le monde entier, et \u00e0 une recherche ax\u00e9e sur les [&hellip;]<\/p>\n","protected":false},"author":1,"featured_media":0,"parent":0,"menu_order":0,"comment_status":"closed","ping_status":"closed","template":"","meta":{"_acf_changed":false,"_gspb_post_css":"#gspb_button-id-gsbp-4da89485-f137{display:flex;justify-content:center}#gspb_button-id-gsbp-4da89485-f137 .gspb-buttonbox-text{display:flex;flex-direction:column}#gspb_button-id-gsbp-4da89485-f137>.gspb-buttonbox{box-sizing:border-box}#gspb_button-id-gsbp-4da89485-f137>.gspb-buttonbox>.gspb-buttonbox-textwrap>.gspb-buttonbox-icon{display:flex}#gspb_button-id-gsbp-4da89485-f137>.gspb-buttonbox .gspb-buttonbox-icon svg,#gspb_button-id-gsbp-4da89485-f137>.gspb-buttonbox .gspb-buttonbox-icon svg path{fill:var(--wp--preset--color--palette-color-8, var(--theme-palette-color-8, #ffffff))!important}#gspb_button-id-gsbp-4da89485-f137>.gspb-buttonbox .gspb-buttonbox-icon svg{margin:0!important}#gspb_button-id-gsbp-4da89485-f137>.gspb-buttonbox>.gspb-buttonbox-textwrap{display:flex;flex-direction:row;align-items:center}#gspb_button-id-gsbp-4da89485-f137 .gspb-buttonbox-icon{margin-left:13px}#gspb_button-id-gsbp-4da89485-f137>.gspb-buttonbox .gspb-buttonbox-icon{transition:all .5s cubic-bezier(.165,.84,.44,1);transform:translateX(0)}#gspb_button-id-gsbp-4da89485-f137>.gspb-buttonbox:hover .gspb-buttonbox-icon{transform:translateX(6px)}#gspb_button-id-gsbp-4da89485-f137>.gspb-buttonbox{background-color:#fa8d43;font-weight:700!important;color:var(--wp--preset--color--palette-color-8, var(--theme-palette-color-8, #ffffff))}#gspb_button-id-gsbp-4da89485-f137>.gspb-buttonbox:hover{background-color:#3cba98!important}#gspb_button-id-gsbp-a89a2014-e13c .gspb-buttonbox-text{display:flex;flex-direction:column}#gspb_button-id-gsbp-a89a2014-e13c>.gspb-buttonbox{box-sizing:border-box}#gspb_button-id-gsbp-a89a2014-e13c>.gspb-buttonbox>.gspb-buttonbox-textwrap>.gspb-buttonbox-icon{display:flex}#gspb_button-id-gsbp-a89a2014-e13c>.gspb-buttonbox .gspb-buttonbox-icon svg,#gspb_button-id-gsbp-a89a2014-e13c>.gspb-buttonbox .gspb-buttonbox-icon svg path,#gspb_button-id-gsbp-a89a2014-e13c>.gspb-buttonbox:hover .gspb-buttonbox-icon svg,#gspb_button-id-gsbp-a89a2014-e13c>.gspb-buttonbox:hover .gspb-buttonbox-icon svg path{fill:var(--wp--preset--color--palette-color-8, var(--theme-palette-color-8, #ffffff))!important}#gspb_button-id-gsbp-a89a2014-e13c>.gspb-buttonbox .gspb-buttonbox-icon svg{margin:0!important}#gspb_button-id-gsbp-a89a2014-e13c>.gspb-buttonbox>.gspb-buttonbox-textwrap{display:flex;flex-direction:row;align-items:center}#gspb_button-id-gsbp-a89a2014-e13c .gspb-buttonbox-icon{margin-left:13px}#gspb_button-id-gsbp-a89a2014-e13c>.gspb-buttonbox .gspb-buttonbox-icon{transition:all .5s cubic-bezier(.165,.84,.44,1);transform:translateX(0)}#gspb_button-id-gsbp-a89a2014-e13c>.gspb-buttonbox:hover .gspb-buttonbox-icon{transform:translateX(6px)}#gspb_button-id-gsbp-a89a2014-e13c>.gspb-buttonbox{background-color:#fa8d43;font-weight:700!important;color:#fff}#gspb_button-id-gsbp-a89a2014-e13c>.gspb-buttonbox:hover{background-color:#3cba98!important;color:#fff}#gspb_button-id-gsbp-a89a2014-e13c,#gspb_button-id-gsbp-c554ace3-6063{display:flex;justify-content:center}#gspb_button-id-gsbp-c554ace3-6063 .gspb-buttonbox-text{display:flex;flex-direction:column}#gspb_button-id-gsbp-c554ace3-6063>.gspb-buttonbox{box-sizing:border-box}#gspb_button-id-gsbp-c554ace3-6063>.gspb-buttonbox>.gspb-buttonbox-textwrap>.gspb-buttonbox-icon{display:flex}#gspb_button-id-gsbp-c554ace3-6063>.gspb-buttonbox .gspb-buttonbox-icon svg,#gspb_button-id-gsbp-c554ace3-6063>.gspb-buttonbox .gspb-buttonbox-icon svg path{fill:var(--wp--preset--color--palette-color-8, var(--theme-palette-color-8, #ffffff))!important}#gspb_button-id-gsbp-c554ace3-6063>.gspb-buttonbox .gspb-buttonbox-icon svg{margin:0!important}#gspb_button-id-gsbp-c554ace3-6063>.gspb-buttonbox>.gspb-buttonbox-textwrap{display:flex;flex-direction:row;align-items:center}#gspb_button-id-gsbp-c554ace3-6063 .gspb-buttonbox-icon{margin-left:13px}#gspb_button-id-gsbp-c554ace3-6063>.gspb-buttonbox .gspb-buttonbox-icon{transition:all .5s cubic-bezier(.165,.84,.44,1);transform:translateX(0)}#gspb_button-id-gsbp-c554ace3-6063>.gspb-buttonbox:hover .gspb-buttonbox-icon{transform:translateX(6px)}#gspb_button-id-gsbp-c554ace3-6063>.gspb-buttonbox{background-color:#fa8d43;font-weight:700!important;color:#fff}#gspb_button-id-gsbp-c554ace3-6063>.gspb-buttonbox:hover{background-color:#3cba98!important;color:var(--wp--preset--color--palette-color-8, var(--theme-palette-color-8, #ffffff))}#gspb_button-id-gsbp-968c6592-20fa{display:flex;justify-content:flex-start}#gspb_button-id-gsbp-968c6592-20fa .gspb-buttonbox-text{display:flex;flex-direction:column}#gspb_button-id-gsbp-968c6592-20fa>.gspb-buttonbox{box-sizing:border-box}#gspb_button-id-gsbp-968c6592-20fa>.gspb-buttonbox>.gspb-buttonbox-textwrap>.gspb-buttonbox-icon{display:flex}#gspb_button-id-gsbp-968c6592-20fa>.gspb-buttonbox .gspb-buttonbox-icon svg,#gspb_button-id-gsbp-968c6592-20fa>.gspb-buttonbox .gspb-buttonbox-icon svg path,#gspb_button-id-gsbp-968c6592-20fa>.gspb-buttonbox:hover .gspb-buttonbox-icon svg,#gspb_button-id-gsbp-968c6592-20fa>.gspb-buttonbox:hover .gspb-buttonbox-icon svg path{fill:var(--wp--preset--color--palette-color-8, var(--theme-palette-color-8, #ffffff))!important}#gspb_button-id-gsbp-968c6592-20fa>.gspb-buttonbox .gspb-buttonbox-icon svg{margin:0!important}#gspb_button-id-gsbp-968c6592-20fa>.gspb-buttonbox>.gspb-buttonbox-textwrap{display:flex;flex-direction:row;align-items:center}#gspb_button-id-gsbp-968c6592-20fa .gspb-buttonbox-icon{margin-left:13px}#gspb_button-id-gsbp-968c6592-20fa>.gspb-buttonbox .gspb-buttonbox-icon{transition:all .5s cubic-bezier(.165,.84,.44,1);transform:translateX(0)}#gspb_button-id-gsbp-968c6592-20fa>.gspb-buttonbox:hover .gspb-buttonbox-icon{transform:translateX(6px)}#gspb_button-id-gsbp-968c6592-20fa>.gspb-buttonbox{background-color:#fa8d43}#gspb_button-id-gsbp-968c6592-20fa>.gspb-buttonbox:hover{background-color:#3cba98!important}","footnotes":""},"clare_partners":[],"clare_projects":[],"clare_themes":[],"clare_threads":[],"clare_topics":[],"clare_countries":[],"clare_pillars":[],"all_countries":[],"all_keywords":[],"restypes":[],"output_authors":[],"years":[],"all_projects":[],"ppma_author":[888],"class_list":["post-4671","page","type-page","status-publish","hentry"],"blocksy_meta":[],"acf":[],"aioseo_notices":[],"_links":{"self":[{"href":"https:\/\/clareprogramme.org\/fr\/wp-json\/wp\/v2\/pages\/4671","targetHints":{"allow":["GET"]}}],"collection":[{"href":"https:\/\/clareprogramme.org\/fr\/wp-json\/wp\/v2\/pages"}],"about":[{"href":"https:\/\/clareprogramme.org\/fr\/wp-json\/wp\/v2\/types\/page"}],"author":[{"embeddable":true,"href":"https:\/\/clareprogramme.org\/fr\/wp-json\/wp\/v2\/users\/1"}],"replies":[{"embeddable":true,"href":"https:\/\/clareprogramme.org\/fr\/wp-json\/wp\/v2\/comments?post=4671"}],"version-history":[{"count":38,"href":"https:\/\/clareprogramme.org\/fr\/wp-json\/wp\/v2\/pages\/4671\/revisions"}],"predecessor-version":[{"id":171173,"href":"https:\/\/clareprogramme.org\/fr\/wp-json\/wp\/v2\/pages\/4671\/revisions\/171173"}],"wp:attachment":[{"href":"https:\/\/clareprogramme.org\/fr\/wp-json\/wp\/v2\/media?parent=4671"}],"wp:term":[{"taxonomy":"clare_partners","embeddable":true,"href":"https:\/\/clareprogramme.org\/fr\/wp-json\/wp\/v2\/clare_partners?post=4671"},{"taxonomy":"clare_projects","embeddable":true,"href":"https:\/\/clareprogramme.org\/fr\/wp-json\/wp\/v2\/clare_projects?post=4671"},{"taxonomy":"clare_themes","embeddable":true,"href":"https:\/\/clareprogramme.org\/fr\/wp-json\/wp\/v2\/clare_themes?post=4671"},{"taxonomy":"clare_threads","embeddable":true,"href":"https:\/\/clareprogramme.org\/fr\/wp-json\/wp\/v2\/clare_threads?post=4671"},{"taxonomy":"clare_topics","embeddable":true,"href":"https:\/\/clareprogramme.org\/fr\/wp-json\/wp\/v2\/clare_topics?post=4671"},{"taxonomy":"clare_countries","embeddable":true,"href":"https:\/\/clareprogramme.org\/fr\/wp-json\/wp\/v2\/clare_countries?post=4671"},{"taxonomy":"clare_pillars","embeddable":true,"href":"https:\/\/clareprogramme.org\/fr\/wp-json\/wp\/v2\/clare_pillars?post=4671"},{"taxonomy":"all_countries","embeddable":true,"href":"https:\/\/clareprogramme.org\/fr\/wp-json\/wp\/v2\/all_countries?post=4671"},{"taxonomy":"all_keywords","embeddable":true,"href":"https:\/\/clareprogramme.org\/fr\/wp-json\/wp\/v2\/all_keywords?post=4671"},{"taxonomy":"restypes","embeddable":true,"href":"https:\/\/clareprogramme.org\/fr\/wp-json\/wp\/v2\/restypes?post=4671"},{"taxonomy":"output_authors","embeddable":true,"href":"https:\/\/clareprogramme.org\/fr\/wp-json\/wp\/v2\/output_authors?post=4671"},{"taxonomy":"years","embeddable":true,"href":"https:\/\/clareprogramme.org\/fr\/wp-json\/wp\/v2\/years?post=4671"},{"taxonomy":"all_projects","embeddable":true,"href":"https:\/\/clareprogramme.org\/fr\/wp-json\/wp\/v2\/all_projects?post=4671"},{"taxonomy":"author","embeddable":true,"href":"https:\/\/clareprogramme.org\/fr\/wp-json\/wp\/v2\/ppma_author?post=4671"}],"curies":[{"name":"wp","href":"https:\/\/api.w.org\/{rel}","templated":true}]}}