{"id":4677,"date":"2023-11-24T09:56:15","date_gmt":"2023-11-24T14:56:15","guid":{"rendered":"https:\/\/stage.clareprogramme.org\/occasions\/"},"modified":"2025-12-19T06:47:11","modified_gmt":"2025-12-19T11:47:11","slug":"occasions","status":"publish","type":"page","link":"https:\/\/clareprogramme.org\/fr\/occasions\/","title":{"rendered":"Occasions"},"content":{"rendered":"\n<div class=\"wp-block-cover alignfull is-light has-parallax has-custom-content-position is-position-bottom-center\" style=\"margin-top:0;margin-bottom:0;padding-top:0;padding-right:0px;padding-bottom:0;padding-left:0px;min-height:300px;aspect-ratio:unset;\"><div class=\"wp-block-cover__image-background wp-image-2415 has-parallax\" style=\"background-position:50% 50%;background-image:url(https:\/\/clareprogramme.org\/wp-content\/uploads\/2023\/10\/DSCN3269.jpg)\"><\/div><span aria-hidden=\"true\" class=\"wp-block-cover__background has-background-dim-0 has-background-dim\"><\/span><div class=\"wp-block-cover__inner-container is-layout-constrained wp-container-core-cover-is-layout-3fa179e2 wp-block-cover-is-layout-constrained\">\n<div class=\"wp-block-greenshift-blocks-container gspb_container gspb_container-gsbp-1d29cb22-e21b\" id=\"gspb_container-id-gsbp-1d29cb22-e21b\"><div class=\"gspb_backgroundOverlay\"><\/div><h2 class=\"has-text-align-center wp-block-post-title has-text-color has-white-color\">Occasions<\/h2><\/div>\n<\/div><\/div>\n\n\n\n<div class=\"wp-block-group alignfull is-layout-constrained wp-container-core-group-is-layout-0a0f4b49 wp-block-group-is-layout-constrained\" style=\"padding-top:var(--wp--preset--spacing--60);padding-bottom:var(--wp--preset--spacing--60)\">\n<p class=\"has-text-align-left\">S\u2019informer sur les occasions de financement dans le cadre de l\u2019initiative CLARE, le cas \u00e9ch\u00e9ant.<\/p>\n<\/div>\n\n\n<div class=\"cl-layout-container align\" style=\"--cl-layout-padding:0px;--cl-layout-margin:0px;\"><div  class=\"cl-layout cl-layout--grid  cl-layout--equal-rows  cl-layout--col-l-3 cl-layout--col-m-3 cl-layout--col-s-2 cl-layout--col-xs-1\"  style=\"--cl-layout-gap-c: 10px;--cl-layout-gap-r: 10px;\n\t\t\" ><div  class=\"cl-layout__item cl-layout__item--id-169070\" ><div  class=\"cl-template cl-template--post cl-template--id-5931 cl-template--image-top\" ><div class=\"cl-element cl-element-featured_media cl-element--instance-1004  cl-element-featured_media--sizing-aspect_ratio\"><a class=\"cl-element-featured_media__anchor\" href=\"https:\/\/clareprogramme.org\/fr\/update\/appel-a-candidatures-maintenant-ouvert-pour-la-deuxieme-cohorte-du-programme-daward-sur-laction-climatique-climate-action-fellowship-aca\/\" title=\"(FERM\u00c9) Appel \u00e0 candidatures ouvert pour la deuxi\u00e8me cohorte de la bourse AWARD pour l&rsquo;action climatique\"><div class=\"cl-element-featured_media__image\" style=\"background-image: url(https:\/\/clareprogramme.org\/wp-content\/uploads\/2025\/05\/AWARD.jpg)\" role=\"img\"><\/div><\/a><\/div><div class=\"cl-element cl-element-section cl-element--instance-1005 \"><div class=\"cl-element cl-element-published_date cl-element--instance-1001 clare-post-date\">mai 21, 2025<\/div><h2 class=\"cl-element cl-element-title cl-element--instance-1002 \"><a class=\"cl-element-title__anchor\" href=\"https:\/\/clareprogramme.org\/fr\/update\/appel-a-candidatures-maintenant-ouvert-pour-la-deuxieme-cohorte-du-programme-daward-sur-laction-climatique-climate-action-fellowship-aca\/\">(FERM\u00c9) Appel \u00e0 candidatures ouvert pour la deuxi\u00e8me cohorte de la bourse AWARD pour l&rsquo;action climatique<\/a><\/h2><style>\r\n.update-tags a.project-short-name,\r\n.update-tags a.update-category {\r\n    color: #ffffff;\r\n    display: inline-block;\r\n    margin: 0px 5px 5px 0px;\r\n    padding: 3px 7px;\r\n    border-radius: 4px;\r\n    font-family: 'Poppins', sans-serif;\r\n    text-decoration: none;\r\n    font-size: 14px;\r\n}\r\n\/* Default project term styling *\/\r\n.update-tags a.project-short-name {\r\n  background-color: #3F5E80;\r\n}\r\n\/* Default category styling *\/\r\n.update-tags a.update-category {\r\n  background-color: #e03333;\r\n}\r\n.update-tags a:hover {\r\n  text-decoration: underline;\r\n}\r\n.update-tags a.update-category.update-category-blog, .update-tags a.update-category.update-category-blogue {\r\n  background-color:\r\n    #f28432\r\n}\r\n.update-tags a.update-category.update-category-news, .update-tags a.update-category.update-category-nouvelles {\r\n  background-color: #58b891\r\n}\r\n.update-tags a.update-category.update-category-events, .update-tags a.update-category.update-category-evenement {\r\n  background-color: #fdc76a\r\n}\r\n.update-tags a.update-category.update-category-opportunity, .update-tags a.update-category.update-category-opportunite {\r\n  background-color: #4768ad\r\n}\r\n<\/style>\r\n<div class=\"cl-element cl-element-text cl-element--instance-1003 \"><div class=\"update-tags\"><a href=\"https:\/\/clareprogramme.org\/fr\/category\/opportunite\/\" class=\"update-category update-category-opportunite update-category-id-613\">Opportunit\u00e9<\/a> <a href=\"https:\/\/clareprogramme.org\/fr\/clare_project\/promouvoir-le-leadership-des-femmes-a-legard-de-laction-climatique\/\" class=\"project-short-name project-term-promouvoir-le-leadership-des-femmes-a-legard-de-laction-climatique project-term-id-1136\">AWARD<\/a><\/div><\/div><\/div><\/div><\/div><div  class=\"cl-layout__item cl-layout__item--id-137582\" ><div  class=\"cl-template cl-template--post cl-template--id-5931 cl-template--image-top\" ><div class=\"cl-element cl-element-featured_media cl-element--instance-1004  cl-element-featured_media--sizing-aspect_ratio\"><a class=\"cl-element-featured_media__anchor\" href=\"https:\/\/clareprogramme.org\/fr\/update\/appel-a-propositions-de-recherche-pour-clare-asean\/\" title=\"Appel \u00e0 propositions de recherche pour CLARE-ANASE (FERM\u00c9)\"><div class=\"cl-element-featured_media__image\" style=\"background-image: url(https:\/\/clareprogramme.org\/wp-content\/uploads\/2025\/02\/center-4829148_1280.jpg)\" role=\"img\"><\/div><\/a><\/div><div class=\"cl-element cl-element-section cl-element--instance-1005 \"><div class=\"cl-element cl-element-published_date cl-element--instance-1001 clare-post-date\">f\u00e9vrier 26, 2025<\/div><h2 class=\"cl-element cl-element-title cl-element--instance-1002 \"><a class=\"cl-element-title__anchor\" href=\"https:\/\/clareprogramme.org\/fr\/update\/appel-a-propositions-de-recherche-pour-clare-asean\/\">Appel \u00e0 propositions de recherche pour CLARE-ANASE (FERM\u00c9)<\/a><\/h2><style>\r\n.update-tags a.project-short-name,\r\n.update-tags a.update-category {\r\n    color: #ffffff;\r\n    display: inline-block;\r\n    margin: 0px 5px 5px 0px;\r\n    padding: 3px 7px;\r\n    border-radius: 4px;\r\n    font-family: 'Poppins', sans-serif;\r\n    text-decoration: none;\r\n    font-size: 14px;\r\n}\r\n\/* Default project term styling *\/\r\n.update-tags a.project-short-name {\r\n  background-color: #3F5E80;\r\n}\r\n\/* Default category styling *\/\r\n.update-tags a.update-category {\r\n  background-color: #e03333;\r\n}\r\n.update-tags a:hover {\r\n  text-decoration: underline;\r\n}\r\n.update-tags a.update-category.update-category-blog, .update-tags a.update-category.update-category-blogue {\r\n  background-color:\r\n    #f28432\r\n}\r\n.update-tags a.update-category.update-category-news, .update-tags a.update-category.update-category-nouvelles {\r\n  background-color: #58b891\r\n}\r\n.update-tags a.update-category.update-category-events, .update-tags a.update-category.update-category-evenement {\r\n  background-color: #fdc76a\r\n}\r\n.update-tags a.update-category.update-category-opportunity, .update-tags a.update-category.update-category-opportunite {\r\n  background-color: #4768ad\r\n}\r\n<\/style>\r\n<div class=\"cl-element cl-element-text cl-element--instance-1003 \"><div class=\"update-tags\"><a href=\"https:\/\/clareprogramme.org\/fr\/category\/opportunite\/\" class=\"update-category update-category-opportunite update-category-id-613\">Opportunit\u00e9<\/a> <a href=\"https:\/\/clareprogramme.org\/fr\/clare_project\/clare-anase\/\" class=\"project-short-name project-term-clare-anase project-term-id-1282\">CLARE-ANASE<\/a><\/div><\/div><\/div><\/div><\/div><div  class=\"cl-layout__item cl-layout__item--id-7141\" ><div  class=\"cl-template cl-template--post cl-template--id-5931 cl-template--image-top\" ><div class=\"cl-element cl-element-featured_media cl-element--instance-1004  cl-element-featured_media--sizing-aspect_ratio\"><a class=\"cl-element-featured_media__anchor\" href=\"https:\/\/clareprogramme.org\/fr\/update\/evaluation-du-programme-adaptation-aux-changements-climatiques-et-resilience-clare\/\" title=\"\u00c9valuation du programme Adaptation aux changements climatiques et r\u00e9silience (CLARE)\"><div class=\"cl-element-featured_media__image\" style=\"background-image: url(https:\/\/clareprogramme.org\/wp-content\/uploads\/2024\/09\/FGD-with-boat-crew-Bbaale-landing-site.jpg)\" role=\"img\" aria-label=\"Boat crew at Bbaale landing site.\"><\/div><\/a><\/div><div class=\"cl-element cl-element-section cl-element--instance-1005 \"><div class=\"cl-element cl-element-published_date cl-element--instance-1001 clare-post-date\">septembre 23, 2024<\/div><h2 class=\"cl-element cl-element-title cl-element--instance-1002 \"><a class=\"cl-element-title__anchor\" href=\"https:\/\/clareprogramme.org\/fr\/update\/evaluation-du-programme-adaptation-aux-changements-climatiques-et-resilience-clare\/\">\u00c9valuation du programme Adaptation aux changements climatiques et r\u00e9silience (CLARE)<\/a><\/h2><style>\r\n.update-tags a.project-short-name,\r\n.update-tags a.update-category {\r\n    color: #ffffff;\r\n    display: inline-block;\r\n    margin: 0px 5px 5px 0px;\r\n    padding: 3px 7px;\r\n    border-radius: 4px;\r\n    font-family: 'Poppins', sans-serif;\r\n    text-decoration: none;\r\n    font-size: 14px;\r\n}\r\n\/* Default project term styling *\/\r\n.update-tags a.project-short-name {\r\n  background-color: #3F5E80;\r\n}\r\n\/* Default category styling *\/\r\n.update-tags a.update-category {\r\n  background-color: #e03333;\r\n}\r\n.update-tags a:hover {\r\n  text-decoration: underline;\r\n}\r\n.update-tags a.update-category.update-category-blog, .update-tags a.update-category.update-category-blogue {\r\n  background-color:\r\n    #f28432\r\n}\r\n.update-tags a.update-category.update-category-news, .update-tags a.update-category.update-category-nouvelles {\r\n  background-color: #58b891\r\n}\r\n.update-tags a.update-category.update-category-events, .update-tags a.update-category.update-category-evenement {\r\n  background-color: #fdc76a\r\n}\r\n.update-tags a.update-category.update-category-opportunity, .update-tags a.update-category.update-category-opportunite {\r\n  background-color: #4768ad\r\n}\r\n<\/style>\r\n<div class=\"cl-element cl-element-text cl-element--instance-1003 \"><div class=\"update-tags\"><a href=\"https:\/\/clareprogramme.org\/fr\/category\/opportunite\/\" class=\"update-category update-category-opportunite update-category-id-613\">Opportunit\u00e9<\/a><\/div><\/div><\/div><\/div><\/div><div  class=\"cl-layout__item cl-layout__item--id-6784\" ><div  class=\"cl-template cl-template--post cl-template--id-5931 cl-template--image-top\" ><div class=\"cl-element cl-element-featured_media cl-element--instance-1004  cl-element-featured_media--sizing-aspect_ratio\"><a class=\"cl-element-featured_media__anchor\" href=\"https:\/\/clareprogramme.org\/fr\/update\/un-nouveau-projet-vise-a-promouvoir-le-leadership-des-femmes-africaines-en-matiere-daction-climatique\/\" title=\"Un nouveau projet vise \u00e0 promouvoir le leadership des femmes africaines en mati\u00e8re d&rsquo;action climatique\"><div class=\"cl-element-featured_media__image\" style=\"background-image: url(https:\/\/clareprogramme.org\/wp-content\/uploads\/2024\/07\/05A7148-e1720620225914.jpg)\" role=\"img\"><\/div><\/a><\/div><div class=\"cl-element cl-element-section cl-element--instance-1005 \"><div class=\"cl-element cl-element-published_date cl-element--instance-1001 clare-post-date\">juillet 10, 2024<\/div><h2 class=\"cl-element cl-element-title cl-element--instance-1002 \"><a class=\"cl-element-title__anchor\" href=\"https:\/\/clareprogramme.org\/fr\/update\/un-nouveau-projet-vise-a-promouvoir-le-leadership-des-femmes-africaines-en-matiere-daction-climatique\/\">Un nouveau projet vise \u00e0 promouvoir le leadership des femmes africaines en mati\u00e8re d&rsquo;action climatique<\/a><\/h2><style>\r\n.update-tags a.project-short-name,\r\n.update-tags a.update-category {\r\n    color: #ffffff;\r\n    display: inline-block;\r\n    margin: 0px 5px 5px 0px;\r\n    padding: 3px 7px;\r\n    border-radius: 4px;\r\n    font-family: 'Poppins', sans-serif;\r\n    text-decoration: none;\r\n    font-size: 14px;\r\n}\r\n\/* Default project term styling *\/\r\n.update-tags a.project-short-name {\r\n  background-color: #3F5E80;\r\n}\r\n\/* Default category styling *\/\r\n.update-tags a.update-category {\r\n  background-color: #e03333;\r\n}\r\n.update-tags a:hover {\r\n  text-decoration: underline;\r\n}\r\n.update-tags a.update-category.update-category-blog, .update-tags a.update-category.update-category-blogue {\r\n  background-color:\r\n    #f28432\r\n}\r\n.update-tags a.update-category.update-category-news, .update-tags a.update-category.update-category-nouvelles {\r\n  background-color: #58b891\r\n}\r\n.update-tags a.update-category.update-category-events, .update-tags a.update-category.update-category-evenement {\r\n  background-color: #fdc76a\r\n}\r\n.update-tags a.update-category.update-category-opportunity, .update-tags a.update-category.update-category-opportunite {\r\n  background-color: #4768ad\r\n}\r\n<\/style>\r\n<div class=\"cl-element cl-element-text cl-element--instance-1003 \"><div class=\"update-tags\"><a href=\"https:\/\/clareprogramme.org\/fr\/category\/nouvelles\/\" class=\"update-category update-category-nouvelles update-category-id-802\">Nouvelles<\/a> <a href=\"https:\/\/clareprogramme.org\/fr\/category\/opportunite\/\" class=\"update-category update-category-opportunite update-category-id-613\">Opportunit\u00e9<\/a> <a href=\"https:\/\/clareprogramme.org\/fr\/clare_project\/promouvoir-le-leadership-des-femmes-a-legard-de-laction-climatique\/\" class=\"project-short-name project-term-promouvoir-le-leadership-des-femmes-a-legard-de-laction-climatique project-term-id-1136\">AWARD<\/a><\/div><\/div><\/div><\/div><\/div><div  class=\"cl-layout__item cl-layout__item--id-6584\" ><div  class=\"cl-template cl-template--post cl-template--id-5931 cl-template--image-top\" ><div class=\"cl-element cl-element-featured_media cl-element--instance-1004  cl-element-featured_media--sizing-aspect_ratio\"><a class=\"cl-element-featured_media__anchor\" href=\"https:\/\/clareprogramme.org\/fr\/update\/opportunite-appel-a-manifestation-dinteret-clare-dans-lanase\/\" title=\"Opportunit\u00e9 : Appel \u00e0 manifestation d&rsquo;int\u00e9r\u00eat &#8211; CLARE dans l&rsquo;ANASE\"><div class=\"cl-element-featured_media__image\" style=\"background-image: url(https:\/\/clareprogramme.org\/wp-content\/uploads\/2024\/06\/CROPPED-12408_Fish-Forever_Philippines_RARE-Siargao-socorro-kanlanuk-fdecena-16.jpg)\" role=\"img\"><\/div><\/a><\/div><div class=\"cl-element cl-element-section cl-element--instance-1005 \"><div class=\"cl-element cl-element-published_date cl-element--instance-1001 clare-post-date\">juillet 4, 2024<\/div><h2 class=\"cl-element cl-element-title cl-element--instance-1002 \"><a class=\"cl-element-title__anchor\" href=\"https:\/\/clareprogramme.org\/fr\/update\/opportunite-appel-a-manifestation-dinteret-clare-dans-lanase\/\">Opportunit\u00e9 : Appel \u00e0 manifestation d&rsquo;int\u00e9r\u00eat &#8211; CLARE dans l&rsquo;ANASE<\/a><\/h2><style>\r\n.update-tags a.project-short-name,\r\n.update-tags a.update-category {\r\n    color: #ffffff;\r\n    display: inline-block;\r\n    margin: 0px 5px 5px 0px;\r\n    padding: 3px 7px;\r\n    border-radius: 4px;\r\n    font-family: 'Poppins', sans-serif;\r\n    text-decoration: none;\r\n    font-size: 14px;\r\n}\r\n\/* Default project term styling *\/\r\n.update-tags a.project-short-name {\r\n  background-color: #3F5E80;\r\n}\r\n\/* Default category styling *\/\r\n.update-tags a.update-category {\r\n  background-color: #e03333;\r\n}\r\n.update-tags a:hover {\r\n  text-decoration: underline;\r\n}\r\n.update-tags a.update-category.update-category-blog, .update-tags a.update-category.update-category-blogue {\r\n  background-color:\r\n    #f28432\r\n}\r\n.update-tags a.update-category.update-category-news, .update-tags a.update-category.update-category-nouvelles {\r\n  background-color: #58b891\r\n}\r\n.update-tags a.update-category.update-category-events, .update-tags a.update-category.update-category-evenement {\r\n  background-color: #fdc76a\r\n}\r\n.update-tags a.update-category.update-category-opportunity, .update-tags a.update-category.update-category-opportunite {\r\n  background-color: #4768ad\r\n}\r\n<\/style>\r\n<div class=\"cl-element cl-element-text cl-element--instance-1003 \"><div class=\"update-tags\"><a href=\"https:\/\/clareprogramme.org\/fr\/category\/nouvelles\/\" class=\"update-category update-category-nouvelles update-category-id-802\">Nouvelles<\/a> <a href=\"https:\/\/clareprogramme.org\/fr\/category\/opportunite\/\" class=\"update-category update-category-opportunite update-category-id-613\">Opportunit\u00e9<\/a><\/div><\/div><\/div><\/div><\/div><div  class=\"cl-layout__item cl-layout__item--id-4902\" ><div  class=\"cl-template cl-template--post cl-template--id-5931 cl-template--image-top\" ><div class=\"cl-element cl-element-featured_media cl-element--instance-1004  cl-element-featured_media--sizing-aspect_ratio\"><a class=\"cl-element-featured_media__anchor\" href=\"https:\/\/clareprogramme.org\/fr\/update\/le-fonds-doccasions-de-recherches-porteuses-dimpact-rpi\/\" title=\"Le Fonds d&rsquo;occasions de recherches porteuses d&rsquo;impact (RPI)\"><div class=\"cl-element-featured_media__image\" style=\"background-image: url(https:\/\/clareprogramme.org\/wp-content\/uploads\/2023\/11\/image002.jpg)\" role=\"img\"><\/div><\/a><\/div><div class=\"cl-element cl-element-section cl-element--instance-1005 \"><div class=\"cl-element cl-element-published_date cl-element--instance-1001 clare-post-date\">d\u00e9cembre 3, 2023<\/div><h2 class=\"cl-element cl-element-title cl-element--instance-1002 \"><a class=\"cl-element-title__anchor\" href=\"https:\/\/clareprogramme.org\/fr\/update\/le-fonds-doccasions-de-recherches-porteuses-dimpact-rpi\/\">Le Fonds d&rsquo;occasions de recherches porteuses d&rsquo;impact (RPI)<\/a><\/h2><style>\r\n.update-tags a.project-short-name,\r\n.update-tags a.update-category {\r\n    color: #ffffff;\r\n    display: inline-block;\r\n    margin: 0px 5px 5px 0px;\r\n    padding: 3px 7px;\r\n    border-radius: 4px;\r\n    font-family: 'Poppins', sans-serif;\r\n    text-decoration: none;\r\n    font-size: 14px;\r\n}\r\n\/* Default project term styling *\/\r\n.update-tags a.project-short-name {\r\n  background-color: #3F5E80;\r\n}\r\n\/* Default category styling *\/\r\n.update-tags a.update-category {\r\n  background-color: #e03333;\r\n}\r\n.update-tags a:hover {\r\n  text-decoration: underline;\r\n}\r\n.update-tags a.update-category.update-category-blog, .update-tags a.update-category.update-category-blogue {\r\n  background-color:\r\n    #f28432\r\n}\r\n.update-tags a.update-category.update-category-news, .update-tags a.update-category.update-category-nouvelles {\r\n  background-color: #58b891\r\n}\r\n.update-tags a.update-category.update-category-events, .update-tags a.update-category.update-category-evenement {\r\n  background-color: #fdc76a\r\n}\r\n.update-tags a.update-category.update-category-opportunity, .update-tags a.update-category.update-category-opportunite {\r\n  background-color: #4768ad\r\n}\r\n<\/style>\r\n<div class=\"cl-element cl-element-text cl-element--instance-1003 \"><div class=\"update-tags\"><a href=\"https:\/\/clareprogramme.org\/fr\/category\/opportunite\/\" class=\"update-category update-category-opportunite update-category-id-613\">Opportunit\u00e9<\/a> <a href=\"https:\/\/clareprogramme.org\/fr\/clare_project\/le-fonds-doccasions-de-recherches-porteuses-dimpact-rpi\/\" class=\"project-short-name project-term-le-fonds-doccasions-de-recherches-porteuses-dimpact-rpi project-term-id-1637\">Le Fonds d&#039;occasions de recherches porteuses d&#039;impact (RPI)<\/a><\/div><\/div><\/div><\/div><\/div><\/div><div class=\"cl-pagination\"><\/div><\/div>","protected":false},"excerpt":{"rendered":"<p>S\u2019informer sur les occasions de financement dans le cadre de l\u2019initiative CLARE, le cas \u00e9ch\u00e9ant.<\/p>\n","protected":false},"author":1,"featured_media":0,"parent":0,"menu_order":0,"comment_status":"closed","ping_status":"closed","template":"","meta":{"_acf_changed":false,"_gspb_post_css":".gspb_container-id-gsbp-1d29cb22-e21b{flex-direction:column;box-sizing:border-box}#gspb_container-id-gsbp-1d29cb22-e21b.gspb_container>p:last-of-type{margin-bottom:0}#gspb_container-id-gsbp-1d29cb22-e21b.gspb_container{position:relative;display:flex;flex-direction:row;justify-content:center;margin-bottom:0;padding-right:50px;padding-bottom:20px;padding-left:62px}@media (max-width:575.98px){#gspb_container-id-gsbp-1d29cb22-e21b.gspb_container{padding:33px}}#gspb_container-id-gsbp-1d29cb22-e21b.gspb_container>.gspb_backgroundOverlay{position:absolute;top:0;left:0;width:100%;height:100%;z-index:-1;-webkit-backdrop-filter:blur(3.7px);backdrop-filter:blur(3.7px);background-color:#e03333bd}#gspb_container-id-gsbp-1d29cb22-e21b.gspb_container{isolation:isolate}body.gspb-bodyfront #gspb_container-id-gsbp-1d29cb22-e21b.gspb_container{max-width:1000px}@media (max-width:991.98px){body.gspb-bodyfront #gspb_container-id-gsbp-1d29cb22-e21b.gspb_container{min-width:600px}}@media (max-width:575.98px){body.gspb-bodyfront #gspb_container-id-gsbp-1d29cb22-e21b.gspb_container{min-width:200px}}","footnotes":""},"clare_partners":[],"clare_projects":[],"clare_themes":[],"clare_threads":[],"clare_topics":[],"clare_countries":[],"clare_pillars":[],"all_countries":[],"all_keywords":[],"restypes":[],"output_authors":[],"years":[],"all_projects":[],"ppma_author":[888],"class_list":["post-4677","page","type-page","status-publish","hentry"],"blocksy_meta":[],"acf":[],"aioseo_notices":[],"_links":{"self":[{"href":"https:\/\/clareprogramme.org\/fr\/wp-json\/wp\/v2\/pages\/4677","targetHints":{"allow":["GET"]}}],"collection":[{"href":"https:\/\/clareprogramme.org\/fr\/wp-json\/wp\/v2\/pages"}],"about":[{"href":"https:\/\/clareprogramme.org\/fr\/wp-json\/wp\/v2\/types\/page"}],"author":[{"embeddable":true,"href":"https:\/\/clareprogramme.org\/fr\/wp-json\/wp\/v2\/users\/1"}],"replies":[{"embeddable":true,"href":"https:\/\/clareprogramme.org\/fr\/wp-json\/wp\/v2\/comments?post=4677"}],"version-history":[{"count":5,"href":"https:\/\/clareprogramme.org\/fr\/wp-json\/wp\/v2\/pages\/4677\/revisions"}],"predecessor-version":[{"id":171035,"href":"https:\/\/clareprogramme.org\/fr\/wp-json\/wp\/v2\/pages\/4677\/revisions\/171035"}],"wp:attachment":[{"href":"https:\/\/clareprogramme.org\/fr\/wp-json\/wp\/v2\/media?parent=4677"}],"wp:term":[{"taxonomy":"clare_partners","embeddable":true,"href":"https:\/\/clareprogramme.org\/fr\/wp-json\/wp\/v2\/clare_partners?post=4677"},{"taxonomy":"clare_projects","embeddable":true,"href":"https:\/\/clareprogramme.org\/fr\/wp-json\/wp\/v2\/clare_projects?post=4677"},{"taxonomy":"clare_themes","embeddable":true,"href":"https:\/\/clareprogramme.org\/fr\/wp-json\/wp\/v2\/clare_themes?post=4677"},{"taxonomy":"clare_threads","embeddable":true,"href":"https:\/\/clareprogramme.org\/fr\/wp-json\/wp\/v2\/clare_threads?post=4677"},{"taxonomy":"clare_topics","embeddable":true,"href":"https:\/\/clareprogramme.org\/fr\/wp-json\/wp\/v2\/clare_topics?post=4677"},{"taxonomy":"clare_countries","embeddable":true,"href":"https:\/\/clareprogramme.org\/fr\/wp-json\/wp\/v2\/clare_countries?post=4677"},{"taxonomy":"clare_pillars","embeddable":true,"href":"https:\/\/clareprogramme.org\/fr\/wp-json\/wp\/v2\/clare_pillars?post=4677"},{"taxonomy":"all_countries","embeddable":true,"href":"https:\/\/clareprogramme.org\/fr\/wp-json\/wp\/v2\/all_countries?post=4677"},{"taxonomy":"all_keywords","embeddable":true,"href":"https:\/\/clareprogramme.org\/fr\/wp-json\/wp\/v2\/all_keywords?post=4677"},{"taxonomy":"restypes","embeddable":true,"href":"https:\/\/clareprogramme.org\/fr\/wp-json\/wp\/v2\/restypes?post=4677"},{"taxonomy":"output_authors","embeddable":true,"href":"https:\/\/clareprogramme.org\/fr\/wp-json\/wp\/v2\/output_authors?post=4677"},{"taxonomy":"years","embeddable":true,"href":"https:\/\/clareprogramme.org\/fr\/wp-json\/wp\/v2\/years?post=4677"},{"taxonomy":"all_projects","embeddable":true,"href":"https:\/\/clareprogramme.org\/fr\/wp-json\/wp\/v2\/all_projects?post=4677"},{"taxonomy":"author","embeddable":true,"href":"https:\/\/clareprogramme.org\/fr\/wp-json\/wp\/v2\/ppma_author?post=4677"}],"curies":[{"name":"wp","href":"https:\/\/api.w.org\/{rel}","templated":true}]}}