{"id":4688,"date":"2023-10-09T18:35:53","date_gmt":"2023-10-09T22:35:53","guid":{"rendered":"https:\/\/stage.clareprogramme.org\/services\/"},"modified":"2026-02-15T17:05:50","modified_gmt":"2026-02-15T22:05:50","slug":"services","status":"publish","type":"page","link":"https:\/\/clareprogramme.org\/fr\/services\/","title":{"rendered":"Services"},"content":{"rendered":"\n<div class=\"wp-block-cover alignfull has-parallax has-custom-content-position is-position-bottom-center\" style=\"margin-top:0;margin-bottom:0;padding-top:0;padding-right:0px;padding-bottom:0;padding-left:0px;min-height:300px;aspect-ratio:unset;\"><div class=\"wp-block-cover__image-background wp-image-3210 has-parallax\" style=\"background-position:50% 50%;background-image:url(https:\/\/clareprogramme.org\/wp-content\/uploads\/2023\/10\/to_Oct_2007-Grenada_St_Croix_etc_050-1.jpg)\"><\/div><span aria-hidden=\"true\" class=\"wp-block-cover__background has-background-dim-0 has-background-dim\"><\/span><div class=\"wp-block-cover__inner-container is-layout-constrained wp-container-core-cover-is-layout-3fa179e2 wp-block-cover-is-layout-constrained\">\n<p class=\"has-text-align-center has-large-font-size\"><\/p>\n<\/div><\/div>\n\n\n\n<div class=\"wp-block-group alignfull is-layout-constrained wp-container-core-group-is-layout-49969196 wp-block-group-is-layout-constrained\" style=\"padding-top:var(--wp--preset--spacing--70);padding-bottom:0\">\n<h2 class=\"wp-block-heading service-text-1\" id=\"services\">Services<\/h2>\n\n\n\n<p class=\"has-text-align-left has-text-color has-link-color wp-elements-a70ca4facc887656dbaadc2198196053\" style=\"color:#58595b\">L\u2019initiative CLARE fournit des services m\u00e9t\u00e9orologiques et climatiques afin d\u2019informer les investissements et les actions du FCDO du Royaume-Uni et d\u2019un plus large \u00e9ventail de parties prenantes, en partenariat avec le Met Office ainsi qu\u2019avec d\u2019autres partenaires. Ces services comprennent les <strong>Climate Risk Services (Services relatifs aux risques climatiques),<\/strong>qui offrent des informations sur les risques climatiques \u00e0 long terme; <strong>un service pilote d\u2019alerte pr\u00e9coce aux inondations,<\/strong>qui fournit des conseils aux parties prenantes humanitaires internationales avant et pendant les inondations; <strong>et les Seasonal Climate Outlooks (Pr\u00e9visions climatiques saisonni\u00e8res),<\/strong>qui fournissent des informations sur les six mois \u00e0 venir afin de soutenir une planification humanitaire plus vaste. Tous ces services sont fournis par le Met Office et de nombreux partenaires de recherche.<\/p>\n\n\n\n<p>Les rapports fournissent des donn\u00e9es accessibles et fiables aux bureaux du FCDO du monde entier sur les risques climatiques, afin de soutenir la planification et les investissements en mati\u00e8re d&rsquo;adaptation et de r\u00e9silience.<\/p>\n<\/div>\n\n\n\n<div class=\"wp-block-group is-layout-constrained wp-block-group-is-layout-constrained\">\n<div class=\"wp-block-cover\" style=\"min-height:12rem;aspect-ratio:unset;\"><img fetchpriority=\"high\" decoding=\"async\" width=\"1920\" height=\"1280\" class=\"wp-block-cover__image-background wp-image-2345 size-full\" alt=\"\" src=\"https:\/\/clareprogramme.org\/wp-content\/uploads\/2023\/10\/34326007993_9965017928_o.jpg\" style=\"object-position:50% 0%\" data-object-fit=\"cover\" data-object-position=\"50% 0%\" srcset=\"https:\/\/clareprogramme.org\/wp-content\/uploads\/2023\/10\/34326007993_9965017928_o.jpg 1920w, https:\/\/clareprogramme.org\/wp-content\/uploads\/2023\/10\/34326007993_9965017928_o-300x200.jpg 300w, https:\/\/clareprogramme.org\/wp-content\/uploads\/2023\/10\/34326007993_9965017928_o-1024x683.jpg 1024w, https:\/\/clareprogramme.org\/wp-content\/uploads\/2023\/10\/34326007993_9965017928_o-768x512.jpg 768w, https:\/\/clareprogramme.org\/wp-content\/uploads\/2023\/10\/34326007993_9965017928_o-1536x1024.jpg 1536w, https:\/\/clareprogramme.org\/wp-content\/uploads\/2023\/10\/34326007993_9965017928_o-1200x800.jpg 1200w\" sizes=\"(max-width: 1920px) 100vw, 1920px\" \/><span aria-hidden=\"true\" class=\"wp-block-cover__background has-palette-color-4-background-color has-background-dim-30 has-background-dim\"><\/span><div class=\"wp-block-cover__inner-container is-layout-constrained wp-block-cover-is-layout-constrained\">\n<h3 class=\"wp-block-heading has-text-align-center has-palette-color-8-color has-text-color has-link-color wp-elements-3018be629f528126669ab511e351c9f4\" id=\"previsions-climatiques-saisonnieres\">Pr\u00e9visions climatiques saisonni\u00e8res<\/h3>\n<\/div><\/div>\n\n\n\n<p>Suite \u00e0 l\u2019\u00e9v\u00e9nement El Nino en 2015, le Met Office a travaill\u00e9 avec le Foreign, Commonwealth and Development Office (FCDO) du gouvernement britannique et l\u2019Universit\u00e9 de Reading pour concevoir un nouveau service qui fournirait des informations sur la saison \u00e0 venir et permettrait d\u2019avoir plus de temps pour prendre des d\u00e9cisions. Le service se concentre sur les six mois \u00e0 venir et fournit des d\u00e9tails sur les diff\u00e9rences potentielles de conditions m\u00e9t\u00e9orologiques par rapport \u00e0 une saison \u00ab&nbsp;typique&nbsp;\u00bb. Il repr\u00e9sente les pr\u00e9visions de pr\u00e9cipitations et de temp\u00e9ratures pour le mois, la saison et les 4 \u00e0 6 mois \u00e0 venir, afin d\u2019alimenter une planification humanitaire plus large dans un certain nombre de pays \u00e0 travers le monde. Il fournit une vue d\u2019ensemble des r\u00e9sultats de tous les centres de production mondiaux (CPM) pour les pr\u00e9visions \u00e0 long terme \u00e0 travers le monde.<\/p>\n\n\n\n<p>Pour en savoir plus:&nbsp;<a href=\"https:\/\/www.metoffice.gov.uk\/services\/government\/international-development\/climate-outlook\">https:\/\/www.metoffice.gov.uk\/services\/government\/international-development\/climate-outlook<\/a><\/p>\n<\/div>\n\n\n\n<div class=\"wp-block-group is-layout-constrained wp-block-group-is-layout-constrained\">\n<div class=\"wp-block-cover\" style=\"min-height:12rem;aspect-ratio:unset;\"><img decoding=\"async\" width=\"1920\" height=\"1440\" class=\"wp-block-cover__image-background wp-image-4031 size-full\" alt=\"DECCMA Basic embankment stabilisation\" src=\"https:\/\/clareprogramme.org\/wp-content\/uploads\/2023\/10\/DECCMA-2UgvEqaQ_jpeg_ShouvikDas.jpg\" style=\"object-position:51% 54%\" data-object-fit=\"cover\" data-object-position=\"51% 54%\" srcset=\"https:\/\/clareprogramme.org\/wp-content\/uploads\/2023\/10\/DECCMA-2UgvEqaQ_jpeg_ShouvikDas.jpg 1920w, https:\/\/clareprogramme.org\/wp-content\/uploads\/2023\/10\/DECCMA-2UgvEqaQ_jpeg_ShouvikDas-300x225.jpg 300w, https:\/\/clareprogramme.org\/wp-content\/uploads\/2023\/10\/DECCMA-2UgvEqaQ_jpeg_ShouvikDas-1024x768.jpg 1024w, https:\/\/clareprogramme.org\/wp-content\/uploads\/2023\/10\/DECCMA-2UgvEqaQ_jpeg_ShouvikDas-768x576.jpg 768w, https:\/\/clareprogramme.org\/wp-content\/uploads\/2023\/10\/DECCMA-2UgvEqaQ_jpeg_ShouvikDas-1536x1152.jpg 1536w\" sizes=\"(max-width: 1920px) 100vw, 1920px\" \/><span aria-hidden=\"true\" class=\"wp-block-cover__background has-palette-color-4-background-color has-background-dim-30 has-background-dim\"><\/span><div class=\"wp-block-cover__inner-container is-layout-constrained wp-block-cover-is-layout-constrained\">\n<h3 class=\"wp-block-heading has-text-align-center has-palette-color-8-color has-text-color has-link-color wp-elements-6cfeecb541934f4f7644d5ba241ee182\" id=\"recherche-sur-l-alerte-precoce-en-matiere-d-inondations\">Recherche sur l\u2019alerte pr\u00e9coce en mati\u00e8re d\u2019inondations<\/h3>\n<\/div><\/div>\n\n\n\n<p>Les inondations fluviales et c\u00f4ti\u00e8res (inondations) constituent l\u2019un des risques les plus d\u00e9vastateurs, se caract\u00e9risant souvent par des \u00e9v\u00e9nements multirisques, notamment des vents violents et de fortes pluies. Les impacts humanitaires de ces \u00e9v\u00e9nements sont souvent durables. Lorsqu\u2019elles sont provoqu\u00e9es par des cyclones tropicaux, les d\u00e9g\u00e2ts peuvent \u00eatre encore plus importants en raison de la vitesse des vents catastrophiques, avec des pertes de vies humaines, des pertes de moyens de subsistance et la propagation de maladies.<\/p>\n\n\n\n<p>Gr\u00e2ce au pilier des services CLARE, le FCDO pilote le d\u00e9veloppement ult\u00e9rieur et teste la prestation de services de conseils d\u2019alerte pr\u00e9coce en cas d\u2019inondation ax\u00e9s sur l\u2019impact pour les acteurs humanitaires internationaux. Ces conseils sont fournis avant et pendant les inondations et comprennent une \u00e9valuation du risque d\u2019inondation probable (c\u2019est-\u00e0-dire le danger, l\u2019exposition et la vuln\u00e9rabilit\u00e9) li\u00e9 aux cyclones en cours ou \u00e0 venir dans les PMA. Il est fourni sous forme de notes produites gr\u00e2ce au travail d\u2019experts d\u2019un consortium de centres universitaires, de conseil et op\u00e9rationnels. Ces notes d\u2019information aident le FCDO et les acteurs humanitaires \u00e0 anticiper les zones susceptibles d\u2019\u00eatre les plus durement touch\u00e9es et \u00e0 \u00e9clairer leurs r\u00e9ponses, en utilisant des sciences, des recherches et des donn\u00e9es de pointe et innovantes pour am\u00e9liorer la prise de d\u00e9cision et les interventions, et en communiquant ces informations de mani\u00e8re concr\u00e8te et concr\u00e8te. conduit \u00e0 un impact positif sur le terrain. Ils utilisent et s\u2019appuient sur les recherches sous-jacentes d\u2019une phase ant\u00e9rieure financ\u00e9e par le programme de recherche pr\u00e9d\u00e9cesseur du FCDO&nbsp;<a href=\"http:\/\/www.shear.org.uk\/home.html\" target=\"_blank\" rel=\"noreferrer noopener\">Science for Humanitarian Emergencies and Resilience (SHEAR)<\/a>.<\/p>\n\n\n\n<p>Le consortium de recherche comprend des scientifiques de l\u2019Universit\u00e9 de Reading, de l\u2019Universit\u00e9 de Bristol, de HR Wallingford, du Centre europ\u00e9en de pr\u00e9visions m\u00e9t\u00e9orologiques \u00e0 moyen terme (ECMWF) et de DAI Global.<\/p>\n\n\n\n<p>Les r\u00e9sultats des travaux de pr\u00e9vision des inondations ont constamment conduit \u00e0 des am\u00e9liorations de la prise de d\u00e9cision, y compris au sein des agences internationales, notamment OCHA et FICR. L\u2019utilisation de ces bulletins a am\u00e9lior\u00e9 les interventions, contribuant ainsi \u00e0 r\u00e9duire l\u2019ampleur de l\u2019impact humanitaire n\u00e9gatif.<\/p>\n\n\n\n<p>Certains d\u00e9tails de cette approche innovante peuvent \u00eatre consult\u00e9s dans&nbsp;<a href=\"https:\/\/journals.ametsoc.org\/view\/journals\/hydr\/22\/7\/JHM-D-20-0250.1.xml\" target=\"_blank\" rel=\"noreferrer noopener\">Key Factors Influencing the Severe of Fluvial Flood Hazard from Tropical Cyclones dans : Journal of Hydrometeorology Volume 22 Issue 7 (2021)<\/a><\/p>\n<\/div>\n\n\n\n<div class=\"wp-block-group is-layout-constrained wp-block-group-is-layout-constrained\">\n<p>Les services CLARE sur les risques climatiques se concentrent sur l\u2019information \u00e0 long terme sur les risques climatiques. Ils comprennent des rapports sur les risques climatiques qui visent \u00e0 contextualiser la variabilit\u00e9 et le changement climatiques dans le cadre de l\u2019exposition et de la vuln\u00e9rabilit\u00e9 socio-\u00e9conomiques dans les r\u00e9gions d\u2019Afrique et d\u2019Asie \u00e9ligibles \u00e0 l\u2019APD, produits gr\u00e2ce \u00e0 une collaboration entre le Met Office et l\u2019ODI, et financ\u00e9s par le FCDO. Ces rapports fournissent au gouvernement britannique des donn\u00e9es accessibles et fiables sur les risques climatiques, afin de soutenir la planification et les investissements en mati\u00e8re d\u2019adaptation et de r\u00e9silience. Ils pr\u00e9sentent une vue d\u2019ensemble r\u00e9gionale de haut niveau des risques potentiels pour le d\u00e9veloppement associ\u00e9s au climat et au changement climatique jusqu\u2019aux ann\u00e9es 2050, en mettant l\u2019accent sur les questions cl\u00e9s et les complexit\u00e9s.<\/p>\n\n\n\n<p>Les rapports consid\u00e8rent les risques climatiques comme une combinaison de dangers, d\u2019exposition et de vuln\u00e9rabilit\u00e9. Chaque rapport contient des informations essentielles sur le temps et le climat, qui sont \u00e9valu\u00e9es dans le contexte de la vie et des moyens de subsistance des populations concern\u00e9es. Cette approche bas\u00e9e sur les risques permet de cadrer les d\u00e9fis du changement climatique d\u2019une mani\u00e8re qui peut informer au mieux l\u2019action. Les rapports sur les risques climatiques fournissent des \u00e9l\u00e9ments probants pour \u00e9clairer la programmation et les actions de d\u00e9veloppement qui soutiennent la r\u00e9silience climatique dans le climat actuel et futur, et dans les syst\u00e8mes humains-environnementaux complexes actuels et futurs.<br><br>Ces rapports visent \u00e0 informer le gouvernement britannique de la planification \u00e0 long terme et de la conception des programmes de d\u00e9veloppement, y compris le soutien \u00e0 la conformit\u00e9 de ces programmes avec l\u2019assurance obligatoire des risques climatiques. Par exemple, en 2023, le rapport sur les risques en Afrique centrale a \u00e9t\u00e9 utilis\u00e9 pour soutenir le d\u00e9veloppement de l\u2019analyse de rentabilisation du bassin du Congo, et le rapport maritime a servi de base \u00e0 une proposition visant \u00e0 am\u00e9liorer la compr\u00e9hension des impacts potentiels du changement climatique sur les p\u00eacheries \u00e9conomiquement importantes et les \u00e9cosyst\u00e8mes riches en biodiversit\u00e9 sur le plateau de la Sonde, en d\u00e9montrant la valeur de la mod\u00e9lisation des mers \u00e9picontinentales.<br><br><a href=\"https:\/\/www.metoffice.gov.uk\/services\/government\/international-development\/climate-risk-reports\" target=\"_blank\" rel=\"noreferrer noopener\">Des rapports sur les risques climatiques<\/a>&nbsp;ont \u00e9t\u00e9 produits pour les r\u00e9gions suivantes:<\/p>\n\n\n\n<ul class=\"wp-block-list\">\n<li><a href=\"https:\/\/www.metoffice.gov.uk\/services\/government\/international-development\/mena-climate-risk-report\" target=\"_blank\" rel=\"noreferrer noopener\">Rapport sur les risques pour la r\u00e9gion MENA et le Sahara occidental<\/a>\u00a0(Liban, Jordanie, Territoires palestiniens occup\u00e9s, Syrie, Irak, Iran, Isra\u00ebl, Turquie, Arabie saoudite, Kowe\u00eft, Qatar, Bahre\u00efn, \u00c9mirats arabes unis, Oman, Y\u00e9men ; \u00c9gypte, Tunisie, Libye, Alg\u00e9rie, Maroc, Sahara occidental);<\/li>\n\n\n\n<li><a href=\"https:\/\/www.metoffice.gov.uk\/services\/government\/international-development\/sahel-climate-risk-report\" target=\"_blank\" rel=\"noreferrer noopener\">Rapport sur les risques au Sahel<\/a>\u00a0(Mauritanie, Mali, Burkina Faso, Niger et Tchad);<\/li>\n\n\n\n<li><a href=\"https:\/\/www.metoffice.gov.uk\/services\/government\/international-development\/east-africa-climate-risk-report\" target=\"_blank\" rel=\"noreferrer noopener\">Rapport sur les risques en Afrique de l\u2019Est<\/a>\u00a0(Burundi, Djibouti, \u00c9rythr\u00e9e, \u00c9thiopie, Kenya, Rwanda, Somalie, Soudan, Soudan du Sud, Tanzanie et Ouganda);<\/li>\n\n\n\n<li><a href=\"https:\/\/www.metoffice.gov.uk\/services\/government\/international-development\/west-africa-climate-risk-report\" target=\"_blank\" rel=\"noreferrer noopener\">Rapport sur les risques en Afrique de l\u2019Ouest<\/a>\u00a0(S\u00e9n\u00e9gal, Gambie, Guin\u00e9e-Bissau, Guin\u00e9e, Sierra Leone, Liberia, C\u00f4te d\u2019Ivoire, Ghana, Togo, B\u00e9nin et Nigeria);<\/li>\n\n\n\n<li><a href=\"https:\/\/www.metoffice.gov.uk\/services\/government\/international-development\/central-africa-climate-risk-report\" target=\"_blank\" rel=\"noreferrer noopener\">Rapport sur les risques en Afrique centrale<\/a>\u00a0(Cameroun, R\u00e9publique centrafricaine, R\u00e9publique d\u00e9mocratique du Congo, Angola, R\u00e9publique du Congo, Gabon, Guin\u00e9e \u00e9quatoriale);<\/li>\n\n\n\n<li><a href=\"https:\/\/www.metoffice.gov.uk\/services\/government\/international-development\/southern-africa-climate-risk-report\" target=\"_blank\" rel=\"noreferrer noopener\">Rapport sur les risques en Afrique australe<\/a>\u00a0(Zambie, Malawi, Mozambique, Seychelles, Comores, Maurice, Madagascar, Eswatini, Lesotho, Afrique du Sud, Namibie, Botswana, Zimbabwe);<\/li>\n\n\n\n<li><a href=\"https:\/\/www.metoffice.gov.uk\/binaries\/content\/assets\/metofficegovuk\/pdf\/services\/government\/guidance_maritime_risks.pdf\" target=\"_blank\" rel=\"noreferrer noopener\">Guidance for Understanding Climate-Related Risks to Development in Maritime Environments<\/a>, qui examine les \u00e9cosyst\u00e8mes marins, les territoires de p\u00eache d\u2019importance nationale, les risques d\u2019inondation c\u00f4ti\u00e8re et la production d\u2019\u00e9nergie c\u00f4ti\u00e8re et offshore.<\/li>\n<\/ul>\n<\/div>\n","protected":false},"excerpt":{"rendered":"<p>Services L\u2019initiative CLARE fournit des services m\u00e9t\u00e9orologiques et climatiques afin d\u2019informer les investissements et les actions du FCDO du Royaume-Uni et d\u2019un plus large \u00e9ventail de parties prenantes, en partenariat avec le Met Office ainsi qu\u2019avec d\u2019autres partenaires. Ces services comprennent les Climate Risk Services (Services relatifs aux risques climatiques),qui offrent des informations sur les [&hellip;]<\/p>\n","protected":false},"author":1,"featured_media":0,"parent":0,"menu_order":0,"comment_status":"closed","ping_status":"closed","template":"","meta":{"_acf_changed":false,"_gspb_post_css":"","footnotes":""},"clare_partners":[],"clare_projects":[],"clare_themes":[],"clare_threads":[],"clare_topics":[],"clare_countries":[],"clare_pillars":[],"all_countries":[],"all_keywords":[],"restypes":[],"output_authors":[],"years":[],"all_projects":[],"ppma_author":[888],"class_list":["post-4688","page","type-page","status-publish","hentry"],"blocksy_meta":[],"acf":[],"aioseo_notices":[],"_links":{"self":[{"href":"https:\/\/clareprogramme.org\/fr\/wp-json\/wp\/v2\/pages\/4688","targetHints":{"allow":["GET"]}}],"collection":[{"href":"https:\/\/clareprogramme.org\/fr\/wp-json\/wp\/v2\/pages"}],"about":[{"href":"https:\/\/clareprogramme.org\/fr\/wp-json\/wp\/v2\/types\/page"}],"author":[{"embeddable":true,"href":"https:\/\/clareprogramme.org\/fr\/wp-json\/wp\/v2\/users\/1"}],"replies":[{"embeddable":true,"href":"https:\/\/clareprogramme.org\/fr\/wp-json\/wp\/v2\/comments?post=4688"}],"version-history":[{"count":16,"href":"https:\/\/clareprogramme.org\/fr\/wp-json\/wp\/v2\/pages\/4688\/revisions"}],"predecessor-version":[{"id":171419,"href":"https:\/\/clareprogramme.org\/fr\/wp-json\/wp\/v2\/pages\/4688\/revisions\/171419"}],"wp:attachment":[{"href":"https:\/\/clareprogramme.org\/fr\/wp-json\/wp\/v2\/media?parent=4688"}],"wp:term":[{"taxonomy":"clare_partners","embeddable":true,"href":"https:\/\/clareprogramme.org\/fr\/wp-json\/wp\/v2\/clare_partners?post=4688"},{"taxonomy":"clare_projects","embeddable":true,"href":"https:\/\/clareprogramme.org\/fr\/wp-json\/wp\/v2\/clare_projects?post=4688"},{"taxonomy":"clare_themes","embeddable":true,"href":"https:\/\/clareprogramme.org\/fr\/wp-json\/wp\/v2\/clare_themes?post=4688"},{"taxonomy":"clare_threads","embeddable":true,"href":"https:\/\/clareprogramme.org\/fr\/wp-json\/wp\/v2\/clare_threads?post=4688"},{"taxonomy":"clare_topics","embeddable":true,"href":"https:\/\/clareprogramme.org\/fr\/wp-json\/wp\/v2\/clare_topics?post=4688"},{"taxonomy":"clare_countries","embeddable":true,"href":"https:\/\/clareprogramme.org\/fr\/wp-json\/wp\/v2\/clare_countries?post=4688"},{"taxonomy":"clare_pillars","embeddable":true,"href":"https:\/\/clareprogramme.org\/fr\/wp-json\/wp\/v2\/clare_pillars?post=4688"},{"taxonomy":"all_countries","embeddable":true,"href":"https:\/\/clareprogramme.org\/fr\/wp-json\/wp\/v2\/all_countries?post=4688"},{"taxonomy":"all_keywords","embeddable":true,"href":"https:\/\/clareprogramme.org\/fr\/wp-json\/wp\/v2\/all_keywords?post=4688"},{"taxonomy":"restypes","embeddable":true,"href":"https:\/\/clareprogramme.org\/fr\/wp-json\/wp\/v2\/restypes?post=4688"},{"taxonomy":"output_authors","embeddable":true,"href":"https:\/\/clareprogramme.org\/fr\/wp-json\/wp\/v2\/output_authors?post=4688"},{"taxonomy":"years","embeddable":true,"href":"https:\/\/clareprogramme.org\/fr\/wp-json\/wp\/v2\/years?post=4688"},{"taxonomy":"all_projects","embeddable":true,"href":"https:\/\/clareprogramme.org\/fr\/wp-json\/wp\/v2\/all_projects?post=4688"},{"taxonomy":"author","embeddable":true,"href":"https:\/\/clareprogramme.org\/fr\/wp-json\/wp\/v2\/ppma_author?post=4688"}],"curies":[{"name":"wp","href":"https:\/\/api.w.org\/{rel}","templated":true}]}}