{"id":5148,"date":"2023-12-01T05:25:19","date_gmt":"2023-12-01T05:25:19","guid":{"rendered":"https:\/\/stage.clareprogramme.org\/enonce-de-confidentialite\/"},"modified":"2023-12-01T06:42:45","modified_gmt":"2023-12-01T06:42:45","slug":"enonce-de-confidentialite","status":"publish","type":"page","link":"https:\/\/clareprogramme.org\/fr\/enonce-de-confidentialite\/","title":{"rendered":"\u00c9nonc\u00e9 de confidentialit\u00e9"},"content":{"rendered":"\n<p><\/p>\n\n<p><\/p>\n\n<h1 class=\"wp-block-heading\" id=\"privacy-policy\">\u00c9nonc\u00e9 de confidentialit\u00e9<\/h1>\n\n<p>Le Centre de recherches pour le d\u00e9veloppement international (CRDI) s\u2019engage \u00e0 prot\u00e9ger vos renseignements personnels.<\/p>\n\n<p>Cet avis de confidentialit\u00e9 fournit des d\u00e9tails sur les renseignements recueillis lorsque vous visitez le site Web du CLARE et sur la fa\u00e7on dont ils sont trait\u00e9s. <\/p>\n\n<p>Toutes les informations personnelles d\u00e9tenues ou collect\u00e9es par le CRDI sont prot\u00e9g\u00e9es par la <a href=\"https:\/\/laws-lois.justice.gc.ca\/ENG\/ACTS\/P-21\/index.html\" target=\"_blank\" rel=\"noopener\" title=\"\">loi canadienne sur la protection de la vie priv\u00e9e<\/a>.<\/p>\n\n<h1 class=\"wp-block-heading\" id=\"information-automatically-collected-from-site-visitors\"><strong>Renseignements recueillis automatiquement aupr\u00e8s des visiteurs du site.<\/strong><\/h1>\n\n<p>Certains renseignements sont recueillis automatiquement lorsque vous interagissez avec le site Web du CLARE, notamment:<\/p>\n\n<ul class=\"wp-block-list\">\n<li>l\u2019adresse de protocole Internet (IP) de votre appareil et le type de navigateur utilis\u00e9 ; <\/li>\n\n\n\n<li>la date et l\u2019heure auxquelles le site a \u00e9t\u00e9 consult\u00e9 ; <\/li>\n\n\n\n<li>les requ\u00eates de recherche ; <\/li>\n\n\n\n<li>les pages visit\u00e9es. <\/li>\n<\/ul>\n\n<p>Les renseignements recueillis sont utilis\u00e9s pour rehausser et am\u00e9liorer l\u2019exp\u00e9rience en ligne sur le site Web du CLARE.<\/p>\n\n<h1 class=\"wp-block-heading\" id=\"cookies\"><strong>T\u00e9moins<\/strong><\/h1>\n\n<h2 class=\"wp-block-heading\" id=\"what-are-cookies\">En quoi consistent les t\u00e9moins? <\/h2>\n\n<p>Les t\u00e9moins sont de petits fichiers texte stock\u00e9s sur votre ordinateur ou votre appareil mobile lorsque vous visitez certains sites Web. Ces fichiers texte permettent \u00e0 un site Web de se souvenir de votre appareil et de la fa\u00e7on dont vous avez interagi avec celui-ci, ce qui s\u2019av\u00e8re utile pour optimiser votre exp\u00e9rience de navigation. Les t\u00e9moins sont \u00e9galement utilis\u00e9s pour analyser la fa\u00e7on dont un site Web est utilis\u00e9, pour compter les visiteurs et pour obtenir des renseignements afin d\u2019am\u00e9liorer l\u2019exp\u00e9rience globale du site Web. Toutes ces donn\u00e9es sont utilis\u00e9es dans leur ensemble, et le CRDI n\u2019\u00e9tablit pas de lien entre les renseignements sur les statistiques d\u2019utilisation du site Web et d\u2019autres analyses et les individus.    <\/p>\n\n<h2 class=\"wp-block-heading\" id=\"can-i-opt-out-of-cookies\">Puis-je d\u00e9sactiver les t\u00e9moins? <\/h2>\n\n<p>Vous pouvez r\u00e9gler les param\u00e8tres de votre navigateur pour g\u00e9rer, refuser ou supprimer les t\u00e9moins selon vos pr\u00e9f\u00e9rences. Vous trouverez ci-dessous de plus amples renseignements sur la gestion des param\u00e8tres de t\u00e9moins propres au navigateur: <\/p>\n\n<ul class=\"wp-block-list\">\n<li><a href=\"https:\/\/support.google.com\/chrome\/answer\/95647?hl=en\" target=\"_blank\" rel=\"noopener\" title=\"\">Google Chrome<\/a><\/li>\n\n\n\n<li><a href=\"https:\/\/support.mozilla.org\/en-US\/kb\/enable-and-disable-cookies-website-preferences\" target=\"_blank\" rel=\"noopener\" title=\"\">Firefox<\/a><\/li>\n\n\n\n<li><a href=\"https:\/\/support.microsoft.com\/en-us\/microsoft-edge\/view-cookies-in-microsoft-edge-a7d95376-f2cd-8e4a-25dc-1de753474879#:~:text=View%20Cookies%20in%20Microsoft%20Edge%201%20Open%20Microsoft,all%20cookies%20saved%20on%20your%20device.%20See%20More.\" target=\"_blank\" rel=\"noopener\" title=\"\">Microsoft Edge<\/a><\/li>\n\n\n\n<li><a href=\"http:\/\/help.apple.com\/safari\/mac\/8.0\/#\/sfri11471\" target=\"_blank\" rel=\"noopener\" title=\"\">Safari<\/a><\/li>\n<\/ul>\n\n<h1 class=\"wp-block-heading\" id=\"web-analytics\"><strong>Analyse Web<\/strong><\/h1>\n\n<p>L\u2019analyse Web comprend la collecte, la mesure, l\u2019analyse et la communication de donn\u00e9es sur le trafic du site Web dans le but de comprendre le comportement des visiteurs et d\u2019optimiser l\u2019utilit\u00e9 d\u2019un site Web.<\/p>\n\n<p>Ce site Web utilise Google Analytics pour g\u00e9n\u00e9rer des donn\u00e9es agr\u00e9g\u00e9es sur l\u2019utilisation du site Web, notamment: <\/p>\n\n<ul class=\"wp-block-list\">\n<li>les donn\u00e9es relatives au public, telles que l\u2019emplacement g\u00e9ographique, la pr\u00e9f\u00e9rence linguistique, la fr\u00e9quence des visites, le syst\u00e8me d\u2019exploitation, le fournisseur de services et l\u2019appareil utilis\u00e9 pour acc\u00e9der au site ; <\/li>\n\n\n\n<li>les donn\u00e9es sur les sources de trafic, y compris les moteurs de recherche, les r\u00e9f\u00e9rences provenant d\u2019autres sites, les campagnes de marketing, les m\u00e9dias sociaux, ainsi que les pages de destination et de sortie ; et <\/li>\n\n\n\n<li>le rendement technique, tel que le temps de chargement moyen des pages. <\/li>\n<\/ul>\n\n<p>Les donn\u00e9es recueillies gr\u00e2ce \u00e0 l\u2019analyse Web sont conserv\u00e9es par le CRDI pendant une p\u00e9riode maximale de 18 mois. <\/p>\n\n<p><a href=\"https:\/\/support.google.com\/analytics\/answer\/6004245?hl=en-GB\" target=\"_blank\" rel=\"noopener\" title=\"\">Learn morApprenez-en davantage sur la fa\u00e7on dont Google Analytics recueille et traite les donn\u00e9es des utilisateurs du site Web.e about how Google Analytics collects and handles website user data<\/a>.<\/p>\n\n<p><a href=\"https:\/\/tools.google.com\/dlpage\/gaoptout\" target=\"_blank\" rel=\"noopener\" title=\"\">D\u00e9sactivez la collecte de donn\u00e9es par Google Analytics \u00e0 l\u2019aide du module compl\u00e9mentaire de navigateur pour la d\u00e9sactiver.<\/a><\/p>\n\n<h1 class=\"wp-block-heading\" id=\"newsletters-and-email-alerts\"><strong>Bulletins d\u2019information et alertes par courriel<\/strong><\/h1>\n\n<p>Nos bulletins d\u2019information utilisent Mailchimp, une application tierce. Seule votre adresse \u00e9lectronique est conserv\u00e9e lorsque vous vous inscrivez \u00e0 l\u2019un de ces services et aucun autre renseignement personnel n\u2019est recueilli. Votre adresse \u00e9lectronique est uniquement utilis\u00e9e aux fins pr\u00e9vues pour l\u2019envoi du bulletin d\u2019information. Vous pouvez vous d\u00e9sabonner \u00e0 tout moment. <\/p>\n\n<p><a href=\"https:\/\/www.intuit.com\/privacy\/statement\/\" target=\"_blank\" rel=\"noopener\" title=\"\">Lisez la politique de confidentialit\u00e9 de Mailchimp<\/a><\/p>\n\n<p>Veuillez noter que le site web du CLARE propose des liens vers d&rsquo;autres sites web qui ne sont pas couverts par le pr\u00e9sent avis de confidentialit\u00e9. <a href=\"https:\/\/clareprogramme.org\/contact\/?lang=fr\" title=\"Contact\">Contactez-nous<\/a> pour plus d&rsquo;informations sur la politique de confidentialit\u00e9 du CLARE.<\/p>\n\n<p><\/p>\n","protected":false},"excerpt":{"rendered":"<p>\u00c9nonc\u00e9 de confidentialit\u00e9 Le Centre de recherches pour le d\u00e9veloppement international (CRDI) s\u2019engage \u00e0 prot\u00e9ger vos renseignements personnels. Cet avis de confidentialit\u00e9 fournit des d\u00e9tails sur les renseignements recueillis lorsque vous visitez le site Web du CLARE et sur la fa\u00e7on dont ils sont trait\u00e9s. Toutes les informations personnelles d\u00e9tenues ou collect\u00e9es par le CRDI [&hellip;]<\/p>\n","protected":false},"author":1,"featured_media":0,"parent":0,"menu_order":0,"comment_status":"closed","ping_status":"closed","template":"","meta":{"_acf_changed":false,"_gspb_post_css":"","footnotes":""},"clare_partners":[],"clare_projects":[],"clare_themes":[],"clare_threads":[],"clare_topics":[],"clare_countries":[],"clare_pillars":[],"all_countries":[],"all_keywords":[],"restypes":[],"output_authors":[],"years":[],"all_projects":[],"ppma_author":[888],"class_list":["post-5148","page","type-page","status-publish","hentry"],"blocksy_meta":[],"acf":[],"aioseo_notices":[],"_links":{"self":[{"href":"https:\/\/clareprogramme.org\/fr\/wp-json\/wp\/v2\/pages\/5148","targetHints":{"allow":["GET"]}}],"collection":[{"href":"https:\/\/clareprogramme.org\/fr\/wp-json\/wp\/v2\/pages"}],"about":[{"href":"https:\/\/clareprogramme.org\/fr\/wp-json\/wp\/v2\/types\/page"}],"author":[{"embeddable":true,"href":"https:\/\/clareprogramme.org\/fr\/wp-json\/wp\/v2\/users\/1"}],"replies":[{"embeddable":true,"href":"https:\/\/clareprogramme.org\/fr\/wp-json\/wp\/v2\/comments?post=5148"}],"version-history":[{"count":2,"href":"https:\/\/clareprogramme.org\/fr\/wp-json\/wp\/v2\/pages\/5148\/revisions"}],"predecessor-version":[{"id":5153,"href":"https:\/\/clareprogramme.org\/fr\/wp-json\/wp\/v2\/pages\/5148\/revisions\/5153"}],"wp:attachment":[{"href":"https:\/\/clareprogramme.org\/fr\/wp-json\/wp\/v2\/media?parent=5148"}],"wp:term":[{"taxonomy":"clare_partners","embeddable":true,"href":"https:\/\/clareprogramme.org\/fr\/wp-json\/wp\/v2\/clare_partners?post=5148"},{"taxonomy":"clare_projects","embeddable":true,"href":"https:\/\/clareprogramme.org\/fr\/wp-json\/wp\/v2\/clare_projects?post=5148"},{"taxonomy":"clare_themes","embeddable":true,"href":"https:\/\/clareprogramme.org\/fr\/wp-json\/wp\/v2\/clare_themes?post=5148"},{"taxonomy":"clare_threads","embeddable":true,"href":"https:\/\/clareprogramme.org\/fr\/wp-json\/wp\/v2\/clare_threads?post=5148"},{"taxonomy":"clare_topics","embeddable":true,"href":"https:\/\/clareprogramme.org\/fr\/wp-json\/wp\/v2\/clare_topics?post=5148"},{"taxonomy":"clare_countries","embeddable":true,"href":"https:\/\/clareprogramme.org\/fr\/wp-json\/wp\/v2\/clare_countries?post=5148"},{"taxonomy":"clare_pillars","embeddable":true,"href":"https:\/\/clareprogramme.org\/fr\/wp-json\/wp\/v2\/clare_pillars?post=5148"},{"taxonomy":"all_countries","embeddable":true,"href":"https:\/\/clareprogramme.org\/fr\/wp-json\/wp\/v2\/all_countries?post=5148"},{"taxonomy":"all_keywords","embeddable":true,"href":"https:\/\/clareprogramme.org\/fr\/wp-json\/wp\/v2\/all_keywords?post=5148"},{"taxonomy":"restypes","embeddable":true,"href":"https:\/\/clareprogramme.org\/fr\/wp-json\/wp\/v2\/restypes?post=5148"},{"taxonomy":"output_authors","embeddable":true,"href":"https:\/\/clareprogramme.org\/fr\/wp-json\/wp\/v2\/output_authors?post=5148"},{"taxonomy":"years","embeddable":true,"href":"https:\/\/clareprogramme.org\/fr\/wp-json\/wp\/v2\/years?post=5148"},{"taxonomy":"all_projects","embeddable":true,"href":"https:\/\/clareprogramme.org\/fr\/wp-json\/wp\/v2\/all_projects?post=5148"},{"taxonomy":"author","embeddable":true,"href":"https:\/\/clareprogramme.org\/fr\/wp-json\/wp\/v2\/ppma_author?post=5148"}],"curies":[{"name":"wp","href":"https:\/\/api.w.org\/{rel}","templated":true}]}}